{"id":1653,"date":"2018-03-02T16:04:24","date_gmt":"2018-03-02T15:04:24","guid":{"rendered":"https:\/\/www.sogexcube.com\/?page_id=1653"},"modified":"2020-01-30T13:16:09","modified_gmt":"2020-01-30T12:16:09","slug":"missions","status":"publish","type":"page","link":"https:\/\/www.sogexcube.com\/index.php\/missions\/","title":{"rendered":"Missions"},"content":{"rendered":"<p>[vc_row css=\u00a0\u00bb.vc_custom_1451991003825{margin-bottom: 100px !important;}\u00a0\u00bb][vc_column offset=\u00a0\u00bbvc_col-lg-9 vc_col-md-9&Prime;][vc_column_text css=\u00a0\u00bb.vc_custom_1580386271606{margin-top: 40px !important;}\u00a0\u00bb]<\/p>\n<h3 style=\"text-align: justify;\"><span style=\"font-size: 18pt;\">Nos missions<\/span><\/h3>\n<p>&nbsp;<\/p>\n<p style=\"text-align: justify;\"><span style=\"font-family: helvetica, arial, sans-serif;\">Dans l\u2019exercice de leurs attributions \u00e9conomiques, le comit\u00e9 social \u00e9conomique, le comit\u00e9 de groupe et le comit\u00e9 europ\u00e9en, peuvent recourir \u00e0 l\u2019assistance d\u2019un expert-comptable. Sauf exception, ces missions sont prises en charge par l\u2019entreprise.<\/span><\/p>\n<p style=\"text-align: justify;\"><span style=\"font-family: helvetica, arial, sans-serif;\">Elles s\u2019articulent autour de 3 grands axes d\u2019intervention\u00a0:<\/span><\/p>\n<p>[\/vc_column_text][vc_tta_accordion][vc_tta_section title=\u00a0\u00bbAssistance aux \u00e9lus dans l\u2019exercice de leurs fonctions\u00a0\u00bb tab_id=\u00a0\u00bb1520011889035-099d6e86-d183&Prime;][vc_column_text]<\/p>\n<ul>\n<li><a href=\"https:\/\/www.sogexcube.com\/index.php\/missions\/situation-economique-financiere\/\">Situation \u00e9conomique et financi\u00e8re<\/a><\/li>\n<li><a href=\"https:\/\/www.sogexcube.com\/index.php\/missions\/politique-sociale-travail-emploi\/\">Politique sociale, conditions de travail et emploi<\/a><\/li>\n<li><a href=\"https:\/\/www.sogexcube.com\/index.php\/missions\/orientation-strategique-entreprise\/\">Orientations strat\u00e9giques de l\u2019entreprise<\/a><\/li>\n<li><a href=\"https:\/\/www.sogexcube.com\/index.php\/missions\/presentation-des-comptes-annuels\/\">Pr\u00e9sentation des comptes du CSE<\/a><\/li>\n<li><a href=\"https:\/\/www.sogexcube.com\/index.php\/missions\/autres-missions-2\/\">Aide \u00e0 la gestion &amp; Organisation<\/a><\/li>\n<li><a href=\"https:\/\/www.sogexcube.com\/index.php\/formations\/\">Formations<\/a><\/li>\n<li><a href=\"https:\/\/www.sogexcube.com\/index.php\/missions\/controle-participation-interessement\/\">Participation &amp; Int\u00e9ressement<\/a><\/li>\n<\/ul>\n<p>[\/vc_column_text][\/vc_tta_section][vc_tta_section title=\u00a0\u00bbAssistance aux \u00e9lus pour l\u2019anticipation des changements\u00a0\u00bb tab_id=\u00a0\u00bb1520011889098-92ff0718-56f6&Prime;][vc_column_text]<\/p>\n<ul>\n<li><a href=\"https:\/\/www.sogexcube.com\/index.php\/missions\/recherche-repreneur\/\">Recherche de repreneur<\/a><\/li>\n<li><a href=\"https:\/\/www.sogexcube.com\/index.php\/missions\/operation-concentration\/\">Op\u00e9ration de concentration<\/a><\/li>\n<li><a href=\"https:\/\/www.sogexcube.com\/index.php\/missions\/mission-nouvelles-technologies\/\">Missions \u00ab Nouvelles technologies \u00bb<\/a><\/li>\n<\/ul>\n<p>[\/vc_column_text][\/vc_tta_section][vc_tta_section title=\u00a0\u00bbAssistance aux \u00e9lus pour faire face \u00e0 la crise\u00a0\u00bb tab_id=\u00a0\u00bb1520011951030-a805e484-c1f4&Prime;][vc_column_text]<\/p>\n<ul>\n<li><a href=\"https:\/\/www.sogexcube.com\/index.php\/missions\/droit-alerte-economique\/\">Droit d\u2019alerte \u00e9conomique<\/a><\/li>\n<li><a href=\"https:\/\/www.sogexcube.com\/index.php\/missions\/projet-restructuration\/\">Projet de restructuration<\/a><\/li>\n<li><a href=\"https:\/\/www.sogexcube.com\/index.php\/missions\/autres-missions-2\/\">Assistance aux n\u00e9gociations<\/a><\/li>\n<\/ul>\n<p>[\/vc_column_text][\/vc_tta_section][\/vc_tta_accordion][vc_column_text]<\/p>\n<p style=\"text-align: justify;\"><span style=\"font-family: helvetica, arial, sans-serif;\">Le financement des missions l\u00e9gales est int\u00e9gralement \u00e0 la charge de l\u2019entreprise (L. 2325-40), hormis l\u2019examen des orientations strat\u00e9giques de l\u2019entreprise qui est cofinanc\u00e9 \u00e0 hauteur de 20% par le comit\u00e9 d\u2019entreprise dans les limites du tiers de son budget annuel dit \u00ab\u00a0de fonctionnement\u00a0\u00bb (article L. 2323-7-1).<\/span><\/p>\n<p style=\"text-align: justify;\"><span style=\"font-family: helvetica, arial, sans-serif;\">Parmi les missions que le cabinet SOGEX CUBE peut r\u00e9aliser pour le comit\u00e9 social \u00e9conomique sur financement de celui-ci ou par accord entre le CSE et l\u2019employeur, on peut citer les formations, l\u2019aide \u00e0 la gestion du comit\u00e9, la certification des comptes.<\/span><\/p>\n<p>&nbsp;<\/p>\n<p style=\"text-align: justify;\"><span style=\"font-family: helvetica, arial, sans-serif;\"><strong>L\u2019expert du comit\u00e9 de groupe <\/strong><\/span><\/p>\n<p style=\"text-align: justify;\"><span style=\"font-family: helvetica, arial, sans-serif;\">Au moins une fois par an, le comit\u00e9 de groupe peut se faire assister par un expert-comptable (L. 2334-4) dans le cadre de ses attributions relatives \u00e0 l\u2019activit\u00e9, la situation financi\u00e8re, l\u2019emploi et les perspectives du groupe et des entreprises qui le composent (L. 2332-1). L\u2019expert du comit\u00e9 de groupe est r\u00e9mun\u00e9r\u00e9 par l\u2019entreprise dominante et il dispose des m\u00eames pouvoirs d\u2019investigation que l\u2019expert du comit\u00e9 d\u2019entreprise dans le cadre de ses missions l\u00e9gales.<\/span><\/p>\n<p>&nbsp;<\/p>\n<p style=\"text-align: justify;\"><span style=\"font-family: helvetica, arial, sans-serif;\"><strong>L\u2019expert du comit\u00e9 d\u2019entreprise europ\u00e9en <\/strong><\/span><\/p>\n<p style=\"text-align: justify;\"><span style=\"font-family: helvetica, arial, sans-serif;\">Un expert peut assister le groupe sp\u00e9cial compos\u00e9 de repr\u00e9sentants des salari\u00e9s et charg\u00e9 de n\u00e9gocier l\u2019accord constitutif d\u2019un comit\u00e9 d\u2019entreprise europ\u00e9en (L. 2342-7) ou du comit\u00e9 d\u2019entreprise d\u2019une soci\u00e9t\u00e9 europ\u00e9enne (L. 2352-12). Cet accord peut pr\u00e9ciser les attributions du comit\u00e9 et donc les modalit\u00e9s de recours \u00e0 l\u2019expertise.<\/span><\/p>\n<p style=\"text-align: justify;\"><span style=\"font-family: helvetica, arial, sans-serif;\">Dans tous les cas, le comit\u00e9 europ\u00e9en ou son bureau peuvent \u00eatre assist\u00e9s d\u2019experts de leur choix (L. 2343-13, L. 2353.22 pour la soci\u00e9t\u00e9 europ\u00e9enne). L\u2019annexe \u00e0 la directive europ\u00e9enne 2009\/38\/CE du 6 mai 2009 et l\u2019article L. 2353.22 pour la soci\u00e9t\u00e9 europ\u00e9enne pr\u00e9cisent que le recours \u00e0 un expert par l\u2019une ou l\u2019autre instance est possible \u00ab\u00a0pour autant que ce soit n\u00e9cessaire \u00e0 l\u2019accomplissement de ses t\u00e2ches\u00a0\u00bb.<\/span><\/p>\n<p style=\"text-align: justify;\"><span style=\"font-family: helvetica, arial, sans-serif;\">M\u00eame en l\u2019absence d\u2019accord, la loi pr\u00e9voit que le comit\u00e9 d\u2019entreprise europ\u00e9en soit inform\u00e9, au moins une fois par an, de la situation financi\u00e8re, \u00e9conomique et sociale de l\u2019entreprise \u00e0 travers diff\u00e9rents th\u00e8mes list\u00e9s \u00e0 l\u2019article L. 2342-2.<\/span><\/p>\n<p style=\"text-align: justify;\"><span style=\"font-family: helvetica, arial, sans-serif;\">L\u2019article L. 2343-3 pr\u00e9voit que le comit\u00e9 d\u2019entreprise europ\u00e9en soit consult\u00e9 au moins une fois par an sur un rapport portant sur l\u2019emploi, les investissements, l\u2019organisation et les proc\u00e9d\u00e9s, les transferts de production, les fusions, les r\u00e9ductions de taille ou fermetures d\u2019entreprises, d\u2019\u00e9tablissements ou de parties importantes de ceux-ci, des licenciements collectifs.<\/span><\/p>\n<p style=\"text-align: justify;\"><span style=\"font-family: helvetica, arial, sans-serif;\">Les frais aff\u00e9rents \u00e0 l\u2019intervention de l\u2019expert sont pris en charge par l\u2019entreprise ou par l\u2019entreprise dominante du groupe.<\/span><\/p>\n<p>[\/vc_column_text][vc_column_text css=\u00a0\u00bb.vc_custom_1520004686295{margin-bottom: 34px !important;}\u00a0\u00bb]<\/p>\n<blockquote><p><i>Notre objectif premier : vous permettre d\u2019anticiper les \u00e9volutions de l\u2019emploi et d\u2019\u00e9laborer de mani\u00e8re autonome les r\u00e9ponses que vous jugez n\u00e9cessaires.<\/i><\/p><\/blockquote>\n<p>[\/vc_column_text][stm_post_bottom][\/vc_column][vc_column width=\u00a0\u00bb1\/4&Prime; offset=\u00a0\u00bbvc_hidden-sm vc_hidden-xs\u00a0\u00bb][stm_sidebar sidebar=\u00a0\u00bb1740&Prime;][\/vc_column][\/vc_row]<\/p>\n","protected":false},"excerpt":{"rendered":"<p>[vc_row css=\u00a0\u00bb.vc_custom_1451991003825{margin-bottom: 100px !important;}\u00a0\u00bb][vc_column offset=\u00a0\u00bbvc_col-lg-9 vc_col-md-9&Prime;][vc_column_text css=\u00a0\u00bb.vc_custom_1580386271606{margin-top: 40px !important;}\u00a0\u00bb] Nos missions &nbsp; Dans l\u2019exercice de leurs attributions \u00e9conomiques, le comit\u00e9 social \u00e9conomique, le comit\u00e9 de groupe et le comit\u00e9 europ\u00e9en, peuvent recourir \u00e0 l\u2019assistance d\u2019un expert-comptable. Sauf exception, ces missions sont prises en charge par l\u2019entreprise. Elles s\u2019articulent autour de 3 grands axes d\u2019intervention\u00a0: [\/vc_column_text][vc_tta_accordion][vc_tta_section<\/p>\n","protected":false},"author":1,"featured_media":0,"parent":0,"menu_order":0,"comment_status":"closed","ping_status":"closed","template":"","meta":{"footnotes":""},"class_list":["post-1653","page","type-page","status-publish","hentry"],"_links":{"self":[{"href":"https:\/\/www.sogexcube.com\/index.php\/wp-json\/wp\/v2\/pages\/1653","targetHints":{"allow":["GET"]}}],"collection":[{"href":"https:\/\/www.sogexcube.com\/index.php\/wp-json\/wp\/v2\/pages"}],"about":[{"href":"https:\/\/www.sogexcube.com\/index.php\/wp-json\/wp\/v2\/types\/page"}],"author":[{"embeddable":true,"href":"https:\/\/www.sogexcube.com\/index.php\/wp-json\/wp\/v2\/users\/1"}],"replies":[{"embeddable":true,"href":"https:\/\/www.sogexcube.com\/index.php\/wp-json\/wp\/v2\/comments?post=1653"}],"version-history":[{"count":32,"href":"https:\/\/www.sogexcube.com\/index.php\/wp-json\/wp\/v2\/pages\/1653\/revisions"}],"predecessor-version":[{"id":2299,"href":"https:\/\/www.sogexcube.com\/index.php\/wp-json\/wp\/v2\/pages\/1653\/revisions\/2299"}],"wp:attachment":[{"href":"https:\/\/www.sogexcube.com\/index.php\/wp-json\/wp\/v2\/media?parent=1653"}],"curies":[{"name":"wp","href":"https:\/\/api.w.org\/{rel}","templated":true}]}}