{"id":1680,"date":"2018-03-02T19:28:11","date_gmt":"2018-03-02T18:28:11","guid":{"rendered":"https:\/\/www.sogexcube.com\/?page_id=1680"},"modified":"2018-04-17T09:27:57","modified_gmt":"2018-04-17T07:27:57","slug":"situation-economique-financiere","status":"publish","type":"page","link":"https:\/\/www.sogexcube.com\/index.php\/missions\/situation-economique-financiere\/","title":{"rendered":"Situation \u00e9conomique et financi\u00e8re"},"content":{"rendered":"<p>[vc_row css=\u00a0\u00bb.vc_custom_1451991003825{margin-bottom: 100px !important;}\u00a0\u00bb][vc_column offset=\u00a0\u00bbvc_col-lg-9 vc_col-md-9&Prime;][vc_column_text css=\u00a0\u00bb.vc_custom_1523950074539{margin-top: 40px !important;}\u00a0\u00bb]<\/p>\n<h3 style=\"text-align: justify;\"><span style=\"font-size: 18pt;\">Situation \u00e9conomique et financi\u00e8re<\/span><\/h3>\n<p>&nbsp;<\/p>\n<p style=\"text-align: justify;\"><span style=\"font-family: helvetica, arial, sans-serif; font-size: 12pt;\">Cette consultation comprend, autour de l\u2019analyse des comptes annuels et des comptes pr\u00e9visionnels, un examen de la politique de recherche et de d\u00e9veloppement de l\u2019entreprise ainsi que de l\u2019utilisation des aides publiques (notamment CICE et Cr\u00e9dit d\u2019Imp\u00f4t Recherche).<\/span><\/p>\n<p style=\"text-align: justify;\"><span style=\"font-family: helvetica, arial, sans-serif; font-size: 12pt;\">Il est aussi important aussi de pr\u00e9ciser que cette consultation ne porte pas seulement sur le dernier exercice clos mais \u00e9galement sur l\u2019exercice en cours et donc les comptes pr\u00e9visionnels.<\/span><\/p>\n<p style=\"text-align: justify;\"><span style=\"font-family: helvetica, arial, sans-serif; font-size: 12pt;\">L\u2019objectif de cette mission est de permettre au comit\u00e9 d\u2019avoir une vision claire de l\u2019entreprise, son fonctionnement, son positionnement par rapport \u00e0 la concurrence au sein de son groupe et des choix strat\u00e9giques de la direction.<\/span><\/p>\n<p>&nbsp;<\/p>\n<p><span style=\"font-family: helvetica, arial, sans-serif; font-size: 12pt;\"><strong>D\u00e9signation de l\u2019expert\u00a0: <\/strong><\/span><\/p>\n<p style=\"text-align: justify;\"><span style=\"font-family: helvetica, arial, sans-serif; font-size: 12pt;\">La loi stipule que <em>\u00ab\u00a0un expert-comptable peut \u00eatre mandat\u00e9 par le comit\u00e9 d\u2019entreprise pour accompagner les organisations syndicales dans l\u2019analyse du diagnostic et dans la n\u00e9gociation, dans les conditions pr\u00e9vues \u00e0 l\u2019article L. 2325-35\u00a0\u00bb.<\/em><\/span><\/p>\n<p style=\"text-align: justify;\"><span style=\"font-family: helvetica, arial, sans-serif; font-size: 12pt;\">Il s\u2019agit l\u00e0 d\u2019une mission l\u00e9gale. Le financement est pris en charge par la direction de l\u2019entreprise.<\/span><\/p>\n<p>&nbsp;<\/p>\n<p><span style=\"font-family: helvetica, arial, sans-serif; font-size: 12pt;\"><strong>Le cadre juridique\u00a0:<\/strong><\/span><\/p>\n<ul>\n<li><span style=\"font-family: helvetica, arial, sans-serif; font-size: 12pt;\">Pour le comit\u00e9 d\u2019entreprise : articles L. 2325-35 et L. 2323-12 du Code du travail<\/span><\/li>\n<li><span style=\"font-family: helvetica, arial, sans-serif; font-size: 12pt;\">Pour le comit\u00e9 de groupe : article L. 2343-4 du Code du travail<\/span><\/li>\n<li><span style=\"font-family: helvetica, arial, sans-serif; font-size: 12pt;\">Pour le comit\u00e9 d\u2019entreprise europ\u00e9en : article L. 2343-13 du Code du travail<\/span><\/li>\n<\/ul>\n<p>[\/vc_column_text][stm_post_bottom][\/vc_column][vc_column width=\u00a0\u00bb1\/4&Prime; offset=\u00a0\u00bbvc_hidden-sm vc_hidden-xs\u00a0\u00bb][stm_sidebar sidebar=\u00a0\u00bb1740&Prime;][\/vc_column][\/vc_row]<\/p>\n","protected":false},"excerpt":{"rendered":"<p>[vc_row css=\u00a0\u00bb.vc_custom_1451991003825{margin-bottom: 100px !important;}\u00a0\u00bb][vc_column offset=\u00a0\u00bbvc_col-lg-9 vc_col-md-9&Prime;][vc_column_text css=\u00a0\u00bb.vc_custom_1523950074539{margin-top: 40px !important;}\u00a0\u00bb] Situation \u00e9conomique et financi\u00e8re &nbsp; Cette consultation comprend, autour de l\u2019analyse des comptes annuels et des comptes pr\u00e9visionnels, un examen de la politique de recherche et de d\u00e9veloppement de l\u2019entreprise ainsi que de l\u2019utilisation des aides publiques (notamment CICE et Cr\u00e9dit d\u2019Imp\u00f4t Recherche). Il est aussi<\/p>\n","protected":false},"author":1,"featured_media":0,"parent":1653,"menu_order":0,"comment_status":"closed","ping_status":"closed","template":"","meta":{"footnotes":""},"class_list":["post-1680","page","type-page","status-publish","hentry"],"_links":{"self":[{"href":"https:\/\/www.sogexcube.com\/index.php\/wp-json\/wp\/v2\/pages\/1680","targetHints":{"allow":["GET"]}}],"collection":[{"href":"https:\/\/www.sogexcube.com\/index.php\/wp-json\/wp\/v2\/pages"}],"about":[{"href":"https:\/\/www.sogexcube.com\/index.php\/wp-json\/wp\/v2\/types\/page"}],"author":[{"embeddable":true,"href":"https:\/\/www.sogexcube.com\/index.php\/wp-json\/wp\/v2\/users\/1"}],"replies":[{"embeddable":true,"href":"https:\/\/www.sogexcube.com\/index.php\/wp-json\/wp\/v2\/comments?post=1680"}],"version-history":[{"count":11,"href":"https:\/\/www.sogexcube.com\/index.php\/wp-json\/wp\/v2\/pages\/1680\/revisions"}],"predecessor-version":[{"id":2157,"href":"https:\/\/www.sogexcube.com\/index.php\/wp-json\/wp\/v2\/pages\/1680\/revisions\/2157"}],"up":[{"embeddable":true,"href":"https:\/\/www.sogexcube.com\/index.php\/wp-json\/wp\/v2\/pages\/1653"}],"wp:attachment":[{"href":"https:\/\/www.sogexcube.com\/index.php\/wp-json\/wp\/v2\/media?parent=1680"}],"curies":[{"name":"wp","href":"https:\/\/api.w.org\/{rel}","templated":true}]}}