{"id":1693,"date":"2018-03-02T19:53:26","date_gmt":"2018-03-02T18:53:26","guid":{"rendered":"https:\/\/www.sogexcube.com\/?page_id=1693"},"modified":"2018-04-06T10:38:19","modified_gmt":"2018-04-06T08:38:19","slug":"droit-alerte-economique","status":"publish","type":"page","link":"https:\/\/www.sogexcube.com\/index.php\/missions\/droit-alerte-economique\/","title":{"rendered":"Droit d\u2019alerte \u00e9conomique"},"content":{"rendered":"<p>[vc_row css=\u00a0\u00bb.vc_custom_1451991003825{margin-bottom: 100px !important;}\u00a0\u00bb][vc_column offset=\u00a0\u00bbvc_col-lg-9 vc_col-md-9&Prime;][vc_column_text css=\u00a0\u00bb.vc_custom_1523003852686{margin-top: 40px !important;}\u00a0\u00bb]<\/p>\n<h3 style=\"text-align: justify;\">Droit d\u2019alerte \u00e9conomique<\/h3>\n<p>&nbsp;<\/p>\n<p style=\"text-align: justify;\"><span style=\"font-family: helvetica, arial, sans-serif; font-size: 12pt;\">Cette mission doit permettre au comit\u00e9 d&rsquo;articuler ses inqui\u00e9tudes sur l&#8217;emploi \u00e0 une appr\u00e9ciation globale de la situation de l&rsquo;entreprise et de ses perspectives et d&rsquo;interpeller si n\u00e9cessaire l&rsquo;organe de gouvernance de l&rsquo;entreprise sur des points pr\u00e9cis, le tout sous forme d&rsquo;un rapport du comit\u00e9.<\/span><\/p>\n<p>&nbsp;<\/p>\n<p style=\"text-align: justify;\"><span style=\"font-family: helvetica, arial, sans-serif; font-size: 12pt;\"><strong>La mission de l\u2019expert\u00a0: <\/strong><\/span><\/p>\n<p style=\"text-align: justify;\"><span style=\"font-family: helvetica, arial, sans-serif; font-size: 12pt;\">Le travail continu de SOGEX CUBE avec le comit\u00e9 d\u2019entreprise sur des missions r\u00e9currentes (\u00e0 l\u2019occasion des comptes annuels ou pr\u00e9visionnels) met l\u2019accent sur l\u2019anticipation, la mise en lumi\u00e8re des potentialit\u00e9s de l\u2019entreprise et des points de vigilance (baisse du carnet de commandes, gonflement anormal des stocks, incidents de paiement, fermeture d\u2019un \u00e9tablissement ou arr\u00eat d\u2019une production, menaces diverses sur l\u2019emploi, etc.). L\u2019exercice du droit d\u2019alerte est dans ce cas un ultime recours pour le comit\u00e9 et, pour l\u2019expert-comptable, il s\u2019inscrit dans un rapport de continuit\u00e9 avec ses travaux ant\u00e9rieurs. S\u2019il s\u2019agit d\u2019une premi\u00e8re intervention, il convient de r\u00e9aliser un diagnostic d\u2019ensemble. Comme pour les autres missions, le diagnostic de SOGEX CUBE porte sur l\u2019entreprise au sens \u00e9conomique du terme, c\u2019est-\u00e0-dire le niveau o\u00f9 se prennent les d\u00e9cisions et o\u00f9 la strat\u00e9gie est d\u00e9finie, pas uniquement au niveau de la soci\u00e9t\u00e9 ou des soci\u00e9t\u00e9s qui peuvent en constituer une partie.<\/span><\/p>\n<p style=\"text-align: justify;\"><span style=\"font-family: helvetica, arial, sans-serif; font-size: 12pt;\">Il s\u2019agit l\u00e0 d\u2019une mission l\u00e9gale. Le financement est pris en charge \u00e0 80% par la direction de l\u2019entreprise.<\/span><\/p>\n<p>&nbsp;<\/p>\n<p style=\"text-align: justify;\"><span style=\"font-family: helvetica, arial, sans-serif; font-size: 12pt;\"><strong>Le cadre juridique\u00a0:<\/strong><\/span><\/p>\n<ul>\n<li style=\"text-align: justify;\"><span style=\"font-family: helvetica, arial, sans-serif; font-size: 12pt;\">Articles L. 2323-50 \u00e0 -54 du Code du travail<\/span><\/li>\n<li style=\"text-align: justify;\"><span style=\"font-family: helvetica, arial, sans-serif; font-size: 12pt;\">Article L. 2325-35 du Code du travail<\/span><\/li>\n<\/ul>\n<p>&nbsp;<\/p>\n<p>[\/vc_column_text][stm_post_bottom][\/vc_column][vc_column width=\u00a0\u00bb1\/4&Prime; offset=\u00a0\u00bbvc_hidden-sm vc_hidden-xs\u00a0\u00bb][stm_sidebar sidebar=\u00a0\u00bb1740&Prime;][\/vc_column][\/vc_row]<\/p>\n","protected":false},"excerpt":{"rendered":"<p>[vc_row css=\u00a0\u00bb.vc_custom_1451991003825{margin-bottom: 100px !important;}\u00a0\u00bb][vc_column offset=\u00a0\u00bbvc_col-lg-9 vc_col-md-9&Prime;][vc_column_text css=\u00a0\u00bb.vc_custom_1523003852686{margin-top: 40px !important;}\u00a0\u00bb] Droit d\u2019alerte \u00e9conomique &nbsp; Cette mission doit permettre au comit\u00e9 d&rsquo;articuler ses inqui\u00e9tudes sur l&#8217;emploi \u00e0 une appr\u00e9ciation globale de la situation de l&rsquo;entreprise et de ses perspectives et d&rsquo;interpeller si n\u00e9cessaire l&rsquo;organe de gouvernance de l&rsquo;entreprise sur des points pr\u00e9cis, le tout sous forme d&rsquo;un<\/p>\n","protected":false},"author":1,"featured_media":0,"parent":1653,"menu_order":0,"comment_status":"closed","ping_status":"closed","template":"","meta":{"footnotes":""},"class_list":["post-1693","page","type-page","status-publish","hentry"],"_links":{"self":[{"href":"https:\/\/www.sogexcube.com\/index.php\/wp-json\/wp\/v2\/pages\/1693","targetHints":{"allow":["GET"]}}],"collection":[{"href":"https:\/\/www.sogexcube.com\/index.php\/wp-json\/wp\/v2\/pages"}],"about":[{"href":"https:\/\/www.sogexcube.com\/index.php\/wp-json\/wp\/v2\/types\/page"}],"author":[{"embeddable":true,"href":"https:\/\/www.sogexcube.com\/index.php\/wp-json\/wp\/v2\/users\/1"}],"replies":[{"embeddable":true,"href":"https:\/\/www.sogexcube.com\/index.php\/wp-json\/wp\/v2\/comments?post=1693"}],"version-history":[{"count":6,"href":"https:\/\/www.sogexcube.com\/index.php\/wp-json\/wp\/v2\/pages\/1693\/revisions"}],"predecessor-version":[{"id":2089,"href":"https:\/\/www.sogexcube.com\/index.php\/wp-json\/wp\/v2\/pages\/1693\/revisions\/2089"}],"up":[{"embeddable":true,"href":"https:\/\/www.sogexcube.com\/index.php\/wp-json\/wp\/v2\/pages\/1653"}],"wp:attachment":[{"href":"https:\/\/www.sogexcube.com\/index.php\/wp-json\/wp\/v2\/media?parent=1693"}],"curies":[{"name":"wp","href":"https:\/\/api.w.org\/{rel}","templated":true}]}}