{"id":1736,"date":"2018-03-03T14:23:50","date_gmt":"2018-03-03T13:23:50","guid":{"rendered":"https:\/\/www.sogexcube.com\/?page_id=1736"},"modified":"2020-01-30T13:18:43","modified_gmt":"2020-01-30T12:18:43","slug":"autres-missions-2","status":"publish","type":"page","link":"https:\/\/www.sogexcube.com\/index.php\/missions\/autres-missions-2\/","title":{"rendered":"Autres missions pour les CSE"},"content":{"rendered":"<p>[vc_row css=\u00a0\u00bb.vc_custom_1451991003825{margin-bottom: 100px !important;}\u00a0\u00bb][vc_column offset=\u00a0\u00bbvc_col-lg-9 vc_col-md-9&Prime;][vc_column_text css=\u00a0\u00bb.vc_custom_1580386701634{margin-top: 40px !important;}\u00a0\u00bb]<\/p>\n<h3 style=\"text-align: justify;\"><span style=\"font-size: 18pt;\"><strong>Autres missions pour les CSE\u00a0<\/strong><\/span><\/h3>\n<p>&nbsp;<\/p>\n<p style=\"text-align: justify;\"><span style=\"font-family: helvetica, arial, sans-serif;\"><strong>ORGANISATION, AIDE \u00c0 LA GESTION <\/strong><\/span><\/p>\n<p style=\"text-align: justify;\"><span style=\"font-family: helvetica, arial, sans-serif;\">SOGEX CUBE, dans le cadre des orientations choisies par les \u00e9lus, les aide \u00e0 ma\u00eetriser les cons\u00e9quences des choix op\u00e9r\u00e9s. Il s\u2019agit notamment de conseiller les \u00e9lus sur les moyens, tant humains qu\u2019informatiques, permettant d\u2019assurer une gestion et un contr\u00f4le qui ne soient pas disproportionn\u00e9s.<\/span><\/p>\n<p>&nbsp;<\/p>\n<p style=\"text-align: justify;\"><span style=\"font-family: helvetica, arial, sans-serif;\"><strong>APPUI DANS LA N\u00c9GOCIATION <\/strong><\/span><\/p>\n<p style=\"text-align: justify;\"><span style=\"font-family: helvetica, arial, sans-serif;\">Dans les n\u00e9gociations, les \u00e9lus sont amen\u00e9s \u00e0 signer des accords portant sur des points sp\u00e9cifiques.<\/span><\/p>\n<p style=\"text-align: justify;\"><span style=\"font-family: helvetica, arial, sans-serif;\">SOGEX CUBE fournit aux repr\u00e9sentants des salari\u00e9s un appui dans la d\u00e9finition des termes de l\u2019accord durant la n\u00e9gociation : Gestion Pr\u00e9visionnelle des Emplois et des Comp\u00e9tences (GPEC), primes, accord salarial, int\u00e9ressement, protection sociale, condition de travail, refonte des services\u2026<\/span><\/p>\n<p>[\/vc_column_text][stm_post_bottom][\/vc_column][vc_column width=\u00a0\u00bb1\/4&Prime; offset=\u00a0\u00bbvc_hidden-sm vc_hidden-xs\u00a0\u00bb][stm_sidebar sidebar=\u00a0\u00bb1740&Prime;][\/vc_column][\/vc_row]<\/p>\n","protected":false},"excerpt":{"rendered":"<p>[vc_row css=\u00a0\u00bb.vc_custom_1451991003825{margin-bottom: 100px !important;}\u00a0\u00bb][vc_column offset=\u00a0\u00bbvc_col-lg-9 vc_col-md-9&Prime;][vc_column_text css=\u00a0\u00bb.vc_custom_1580386701634{margin-top: 40px !important;}\u00a0\u00bb] Autres missions pour les CSE\u00a0 &nbsp; ORGANISATION, AIDE \u00c0 LA GESTION SOGEX CUBE, dans le cadre des orientations choisies par les \u00e9lus, les aide \u00e0 ma\u00eetriser les cons\u00e9quences des choix op\u00e9r\u00e9s. Il s\u2019agit notamment de conseiller les \u00e9lus sur les moyens, tant humains qu\u2019informatiques, permettant d\u2019assurer<\/p>\n","protected":false},"author":1,"featured_media":0,"parent":1653,"menu_order":0,"comment_status":"closed","ping_status":"closed","template":"","meta":{"footnotes":""},"class_list":["post-1736","page","type-page","status-publish","hentry"],"_links":{"self":[{"href":"https:\/\/www.sogexcube.com\/index.php\/wp-json\/wp\/v2\/pages\/1736","targetHints":{"allow":["GET"]}}],"collection":[{"href":"https:\/\/www.sogexcube.com\/index.php\/wp-json\/wp\/v2\/pages"}],"about":[{"href":"https:\/\/www.sogexcube.com\/index.php\/wp-json\/wp\/v2\/types\/page"}],"author":[{"embeddable":true,"href":"https:\/\/www.sogexcube.com\/index.php\/wp-json\/wp\/v2\/users\/1"}],"replies":[{"embeddable":true,"href":"https:\/\/www.sogexcube.com\/index.php\/wp-json\/wp\/v2\/comments?post=1736"}],"version-history":[{"count":7,"href":"https:\/\/www.sogexcube.com\/index.php\/wp-json\/wp\/v2\/pages\/1736\/revisions"}],"predecessor-version":[{"id":2300,"href":"https:\/\/www.sogexcube.com\/index.php\/wp-json\/wp\/v2\/pages\/1736\/revisions\/2300"}],"up":[{"embeddable":true,"href":"https:\/\/www.sogexcube.com\/index.php\/wp-json\/wp\/v2\/pages\/1653"}],"wp:attachment":[{"href":"https:\/\/www.sogexcube.com\/index.php\/wp-json\/wp\/v2\/media?parent=1736"}],"curies":[{"name":"wp","href":"https:\/\/api.w.org\/{rel}","templated":true}]}}