{"id":1764,"date":"2018-03-03T15:34:51","date_gmt":"2018-03-03T14:34:51","guid":{"rendered":"https:\/\/www.sogexcube.com\/?page_id=1764"},"modified":"2018-04-09T10:43:16","modified_gmt":"2018-04-09T08:43:16","slug":"formations","status":"publish","type":"page","link":"https:\/\/www.sogexcube.com\/index.php\/formations\/","title":{"rendered":"Formations"},"content":{"rendered":"<p>[vc_row css=\u00a0\u00bb.vc_custom_1451991003825{margin-bottom: 100px !important;}\u00a0\u00bb][vc_column offset=\u00a0\u00bbvc_col-lg-9 vc_col-md-9&Prime;][vc_column_text css=\u00a0\u00bb.vc_custom_1522940982770{margin-top: 40px !important;}\u00a0\u00bb]<\/p>\n<h4><span style=\"font-size: 24pt;\">Formations<\/span><\/h4>\n<p style=\"text-align: justify;\"><span style=\"font-size: 12pt; font-family: helvetica, arial, sans-serif;\">Organisme de formation agr\u00e9\u00e9 par le Minist\u00e8re du Travail, Sogex Cube a d\u00e9velopp\u00e9 une offre de formations pratiques et courtes, adapt\u00e9e aux besoins des \u00e9lus (formation \u00e9conomique des \u00e9lus, les moyens et missions du comit\u00e9, du secr\u00e9taire, du tr\u00e9sorier, les logiciels de gestion du comit\u00e9).<\/span><\/p>\n<h4 style=\"text-align: justify;\"><strong>Notre approche p\u00e9dagogique <\/strong><\/h4>\n<p style=\"text-align: justify;\"><span style=\"font-size: 12pt; font-family: helvetica, arial, sans-serif;\">Nos formations sont dispens\u00e9es par des experts comptables, \u00e9conomiques et financiers qui mettent leur comp\u00e9tence et exp\u00e9rience au service des \u00e9lus.<\/span><\/p>\n<p style=\"text-align: justify;\"><span style=\"font-size: 12pt; font-family: helvetica, arial, sans-serif;\">Elles sont propos\u00e9es en Intra et Inter entreprise \u00e0 des groupes de 12 stagiaires maximum par s\u00e9ance pour favoriser la participation active et les \u00e9changes.<\/span><\/p>\n<p style=\"text-align: justify;\"><span style=\"font-size: 12pt; font-family: helvetica, arial, sans-serif;\">Pour faciliter l\u2019appropriation du contenu des formations, nos programmes peuvent \u00eatre adapt\u00e9s aux sp\u00e9cificit\u00e9s de votre entreprise et \u00e0 vos probl\u00e9matiques. Nos formateurs s\u2019appuieront donc, en partie, sur des informations provenant de votre organisation pour d\u00e9terminer les th\u00e9matiques \u00e0 approfondir ou orienter les exemples ou exercices.<\/span><\/p>\n<ul>\n<li style=\"text-align: justify;\"><span style=\"font-size: 12pt; font-family: helvetica, arial, sans-serif;\">En amont de la formation\u00a0: \u00e9change avec le formateur pour adapter le contenu \u00e0 vos attentes<\/span><\/li>\n<li style=\"text-align: justify;\"><\/li>\n<li style=\"text-align: justify;\"><span style=\"font-size: 12pt; font-family: helvetica, arial, sans-serif;\">En d\u00e9but de formation\u00a0: remplissage d\u2019un questionnaire qui permettra d\u2019\u00e9valuer le niveau de connaissance des participants<\/span><\/li>\n<li style=\"text-align: justify;\"><\/li>\n<li style=\"text-align: justify;\"><span style=\"font-size: 12pt; font-family: helvetica, arial, sans-serif;\">En fin de formation : \u00e9valuation des acquis des participants, mise \u00e0 disposition des supports (format papier et\/ou sur cl\u00e9 USB) \u00e0 tous les participants et diffusion d\u2019un questionnaire de satisfaction qui nous permettra de prendre en consid\u00e9ration vos observations et suggestions pour l\u2019am\u00e9lioration de nos prestations<\/span><\/li>\n<\/ul>\n<p>[\/vc_column_text][vc_column_text]<span style=\"font-size: 18.6667px;\"><i>SOGEX CUBE est agr\u00e9\u00e9 comme organisme de formation et pour la formation \u00e9conomique des \u00e9lus de CE aupr\u00e8s du Minist\u00e8re du Travail\u00a0<\/i><\/span>[\/vc_column_text][vc_empty_space][stm_post_bottom][\/vc_column][vc_column width=\u00a0\u00bb1\/4&Prime; offset=\u00a0\u00bbvc_hidden-sm vc_hidden-xs\u00a0\u00bb][stm_sidebar sidebar=\u00a0\u00bb1771&Prime;][\/vc_column][\/vc_row]<\/p>\n","protected":false},"excerpt":{"rendered":"<p>[vc_row css=\u00a0\u00bb.vc_custom_1451991003825{margin-bottom: 100px !important;}\u00a0\u00bb][vc_column offset=\u00a0\u00bbvc_col-lg-9 vc_col-md-9&Prime;][vc_column_text css=\u00a0\u00bb.vc_custom_1522940982770{margin-top: 40px !important;}\u00a0\u00bb] Formations Organisme de formation agr\u00e9\u00e9 par le Minist\u00e8re du Travail, Sogex Cube a d\u00e9velopp\u00e9 une offre de formations pratiques et courtes, adapt\u00e9e aux besoins des \u00e9lus (formation \u00e9conomique des \u00e9lus, les moyens et missions du comit\u00e9, du secr\u00e9taire, du tr\u00e9sorier, les logiciels de gestion du comit\u00e9).<\/p>\n","protected":false},"author":1,"featured_media":0,"parent":0,"menu_order":0,"comment_status":"closed","ping_status":"closed","template":"","meta":{"footnotes":""},"class_list":["post-1764","page","type-page","status-publish","hentry"],"_links":{"self":[{"href":"https:\/\/www.sogexcube.com\/index.php\/wp-json\/wp\/v2\/pages\/1764","targetHints":{"allow":["GET"]}}],"collection":[{"href":"https:\/\/www.sogexcube.com\/index.php\/wp-json\/wp\/v2\/pages"}],"about":[{"href":"https:\/\/www.sogexcube.com\/index.php\/wp-json\/wp\/v2\/types\/page"}],"author":[{"embeddable":true,"href":"https:\/\/www.sogexcube.com\/index.php\/wp-json\/wp\/v2\/users\/1"}],"replies":[{"embeddable":true,"href":"https:\/\/www.sogexcube.com\/index.php\/wp-json\/wp\/v2\/comments?post=1764"}],"version-history":[{"count":9,"href":"https:\/\/www.sogexcube.com\/index.php\/wp-json\/wp\/v2\/pages\/1764\/revisions"}],"predecessor-version":[{"id":2065,"href":"https:\/\/www.sogexcube.com\/index.php\/wp-json\/wp\/v2\/pages\/1764\/revisions\/2065"}],"wp:attachment":[{"href":"https:\/\/www.sogexcube.com\/index.php\/wp-json\/wp\/v2\/media?parent=1764"}],"curies":[{"name":"wp","href":"https:\/\/api.w.org\/{rel}","templated":true}]}}