{"id":1794,"date":"2018-03-03T16:59:26","date_gmt":"2018-03-03T15:59:26","guid":{"rendered":"https:\/\/www.sogexcube.com\/?page_id=1794"},"modified":"2018-04-06T11:25:40","modified_gmt":"2018-04-06T09:25:40","slug":"methodologie","status":"publish","type":"page","link":"https:\/\/www.sogexcube.com\/index.php\/sogexcube\/methodologie\/","title":{"rendered":"Notre m\u00e9thodologie"},"content":{"rendered":"<p>[vc_row css=\u00a0\u00bb.vc_custom_1451991003825{margin-bottom: 100px !important;}\u00a0\u00bb][vc_column offset=\u00a0\u00bbvc_col-lg-9 vc_col-md-9&Prime;][vc_column_text css=\u00a0\u00bb.vc_custom_1523006606556{margin-top: 40px !important;}\u00a0\u00bb]<\/p>\n<h3 style=\"text-align: justify;\"><span style=\"font-size: 18pt;\">M\u00e9thodologie<\/span><\/h3>\n<p>&nbsp;<\/p>\n<p style=\"text-align: justify;\"><span style=\"font-size: 12pt; font-family: helvetica, arial, sans-serif;\">Depuis plusieurs ann\u00e9es, SOGEX CUBE \u00e9volue en fonction du contenu concret de vos demandes. Chaque mission est consid\u00e9r\u00e9e comme sp\u00e9cifique car la demande de chaque client est particuli\u00e8re. Sur chaque type d&rsquo;intervention, la mise en place d\u2019une m\u00e9thodologie rigoureuse permet l\u2019adaptation aux pr\u00e9occupations particuli\u00e8res des \u00e9lus concern\u00e9s.<\/span><\/p>\n<p style=\"text-align: justify;\"><span style=\"font-size: 12pt; font-family: helvetica, arial, sans-serif;\">Notre objectif premier est d\u2019utiliser tous les outils et moyens d\u2019analyse pour permettre aux \u00e9lus du personnel d\u2019anticiper les \u00e9volutions et d\u2019\u00e9laborer de mani\u00e8re autonome les r\u00e9ponses qu\u2019ils jugent n\u00e9cessaires.<\/span><\/p>\n<p style=\"text-align: justify;\"><span style=\"font-size: 12pt; font-family: helvetica, arial, sans-serif;\">SOGEX CUBE d\u00e9veloppe une comp\u00e9tence principale en direction des \u00e9lus des instances repr\u00e9sentatives du personnel et des organisations syndicales mais n\u2019intervient pas en direction des entreprises priv\u00e9es de fa\u00e7on \u00e0 pr\u00e9venir tout conflit d\u2019int\u00e9r\u00eats.<\/span><\/p>\n<p style=\"text-align: justify;\"><span style=\"font-size: 12pt; font-family: helvetica, arial, sans-serif;\">L\u2019intervention de SOGEX CUBE repose sur une comp\u00e9tence personnelle \u00e9lev\u00e9e de chacun des intervenants qui disposent, tous, d\u2019une exp\u00e9rience ant\u00e9rieure. Ils mettent \u00e0 jour, en permanence, leurs connaissances de fa\u00e7on \u00e0 proposer les analyses les plus compl\u00e8tes possibles.<\/span><\/p>\n<p style=\"text-align: justify;\"><span style=\"font-size: 12pt; font-family: helvetica, arial, sans-serif;\">SOGEX CUBE est organis\u00e9 de telle sorte que ses intervenants prennent appui les uns sur les autres ainsi que sur les partenaires habituels de son r\u00e9seau, tout en demeurant, vis \u00e0 vis de leurs clients, responsables de leurs interventions.<\/span><\/p>\n<p style=\"text-align: justify;\"><span style=\"font-size: 12pt; font-family: helvetica, arial, sans-serif;\">SOGEX CUBE d\u00e9veloppe principalement son activit\u00e9 dans les secteurs \u00e9conomiques de la construction et des travaux publics, des services publics, des services aux entreprises.<\/span><\/p>\n<p style=\"text-align: justify;\"><span style=\"font-size: 12pt; font-family: helvetica, arial, sans-serif;\">Pr\u00e8s d&rsquo;une centaine de Comit\u00e9s lui font d\u00e9j\u00e0 confiance.<\/span><\/p>\n<p>&nbsp;<\/p>\n<p style=\"text-align: justify;\"><span style=\"font-size: 12pt; font-family: helvetica, arial, sans-serif;\"><strong>Une disponibilit\u00e9 tout au long de l\u2019ann\u00e9e<\/strong><\/span><\/p>\n<p style=\"text-align: justify;\"><span style=\"font-size: 12pt; font-family: helvetica, arial, sans-serif;\">SOGEX CUBE intervient pour les repr\u00e9sentants des salari\u00e9s \u00e0 travers des missions. Elles se concr\u00e9tisent, notamment pour les missions l\u00e9gales, par des \u00e9crits (rapports, notes, ect.). Mais elles ne peuvent pas \u00eatre utiles et efficaces qu\u2019\u00e0 travers un \u00e9change continu avec les membres du comit\u00e9, au cours des missions et entre chaque mission. Dans cet \u00e9change, l\u2019expert-comptable ne se substitue pas aux autres conseils du comit\u00e9s d\u2019entreprise (notamment le conseil juridique assur\u00e9 par les avocats) mais exerce le devoir d\u2019information et de conseil prescrit par son code de d\u00e9ontologie. (article 155 du d\u00e9cret n\u00b0 2012-432 du 30 mars 2012<\/span><\/p>\n<p>[\/vc_column_text][vc_column_text css=\u00a0\u00bb.vc_custom_1519987478411{margin-bottom: 34px !important;}\u00a0\u00bb]<\/p>\n<blockquote><p><em>Dans l\u2019exercice de leurs attributions \u00e9conomiques, le comit\u00e9 d\u2019entreprise, le comit\u00e9 de groupe, le comit\u00e9 europ\u00e9en, le comit\u00e9 d\u2019\u00e9tablissement, peuvent recourir \u00e0 l\u2019assistance d\u2019un expert-comptable.\u00a0<\/em><\/p><\/blockquote>\n<p>[\/vc_column_text][vc_empty_space][stm_post_bottom][\/vc_column][vc_column width=\u00a0\u00bb1\/4&Prime; offset=\u00a0\u00bbvc_hidden-sm vc_hidden-xs\u00a0\u00bb][stm_sidebar sidebar=\u00a0\u00bb311&Prime;][\/vc_column][\/vc_row]<\/p>\n","protected":false},"excerpt":{"rendered":"<p>[vc_row css=\u00a0\u00bb.vc_custom_1451991003825{margin-bottom: 100px !important;}\u00a0\u00bb][vc_column offset=\u00a0\u00bbvc_col-lg-9 vc_col-md-9&Prime;][vc_column_text css=\u00a0\u00bb.vc_custom_1523006606556{margin-top: 40px !important;}\u00a0\u00bb] M\u00e9thodologie &nbsp; Depuis plusieurs ann\u00e9es, SOGEX CUBE \u00e9volue en fonction du contenu concret de vos demandes. Chaque mission est consid\u00e9r\u00e9e comme sp\u00e9cifique car la demande de chaque client est particuli\u00e8re. Sur chaque type d&rsquo;intervention, la mise en place d\u2019une m\u00e9thodologie rigoureuse permet l\u2019adaptation aux pr\u00e9occupations particuli\u00e8res<\/p>\n","protected":false},"author":1,"featured_media":0,"parent":9,"menu_order":0,"comment_status":"closed","ping_status":"closed","template":"","meta":{"footnotes":""},"class_list":["post-1794","page","type-page","status-publish","hentry"],"_links":{"self":[{"href":"https:\/\/www.sogexcube.com\/index.php\/wp-json\/wp\/v2\/pages\/1794","targetHints":{"allow":["GET"]}}],"collection":[{"href":"https:\/\/www.sogexcube.com\/index.php\/wp-json\/wp\/v2\/pages"}],"about":[{"href":"https:\/\/www.sogexcube.com\/index.php\/wp-json\/wp\/v2\/types\/page"}],"author":[{"embeddable":true,"href":"https:\/\/www.sogexcube.com\/index.php\/wp-json\/wp\/v2\/users\/1"}],"replies":[{"embeddable":true,"href":"https:\/\/www.sogexcube.com\/index.php\/wp-json\/wp\/v2\/comments?post=1794"}],"version-history":[{"count":8,"href":"https:\/\/www.sogexcube.com\/index.php\/wp-json\/wp\/v2\/pages\/1794\/revisions"}],"predecessor-version":[{"id":2104,"href":"https:\/\/www.sogexcube.com\/index.php\/wp-json\/wp\/v2\/pages\/1794\/revisions\/2104"}],"up":[{"embeddable":true,"href":"https:\/\/www.sogexcube.com\/index.php\/wp-json\/wp\/v2\/pages\/9"}],"wp:attachment":[{"href":"https:\/\/www.sogexcube.com\/index.php\/wp-json\/wp\/v2\/media?parent=1794"}],"curies":[{"name":"wp","href":"https:\/\/api.w.org\/{rel}","templated":true}]}}