{"id":1796,"date":"2018-03-03T17:01:51","date_gmt":"2018-03-03T16:01:51","guid":{"rendered":"https:\/\/www.sogexcube.com\/?page_id=1796"},"modified":"2021-04-02T11:02:19","modified_gmt":"2021-04-02T09:02:19","slug":"partenaires","status":"publish","type":"page","link":"https:\/\/www.sogexcube.com\/index.php\/sogexcube\/partenaires\/","title":{"rendered":"Nos partenaires"},"content":{"rendered":"<p>[vc_row css=\u00a0\u00bb.vc_custom_1451991003825{margin-bottom: 100px !important;}\u00a0\u00bb][vc_column offset=\u00a0\u00bbvc_col-lg-9 vc_col-md-9&Prime;][vc_column_text css=\u00a0\u00bb.vc_custom_1617354136779{margin-top: 40px !important;}\u00a0\u00bb]<\/p>\n<h3>Nos partenaires<\/h3>\n<p>&nbsp;<\/p>\n<p style=\"text-align: justify;\"><span style=\"font-family: georgia, palatino, serif; font-size: 12pt;\">Les questions des repr\u00e9sentants des salari\u00e9s sont tr\u00e8s diverses et d\u00e9pendent, parfois, de r\u00e9glementations diff\u00e9rentes. Afin d\u2019y apporter les r\u00e9ponses les plus pertinentes, SOGEX CUBE travaille avec des partenaires sp\u00e9cialis\u00e9s, tels que des intervenants agr\u00e9\u00e9s CHSCT, des avocats, des actuaires, sp\u00e9cialistes en protection sociale et des ing\u00e9nieurs sp\u00e9cialis\u00e9s dans les technologies.<\/span><\/p>\n<table class=\" alignleft\" width=\"618\">\n<tbody>\n<tr>\n<td width=\"241\"><img loading=\"lazy\" decoding=\"async\" class=\"alignnone size-medium wp-image-2364\" src=\"https:\/\/www.sogexcube.com\/wp-content\/uploads\/2021\/04\/CEDAET-300x87.png\" alt=\"\" width=\"300\" height=\"87\" srcset=\"https:\/\/www.sogexcube.com\/wp-content\/uploads\/2021\/04\/CEDAET-300x87.png 300w, https:\/\/www.sogexcube.com\/wp-content\/uploads\/2021\/04\/CEDAET.png 412w\" sizes=\"auto, (max-width: 300px) 100vw, 300px\" \/><\/td>\n<td width=\"377\"><span style=\"font-family: georgia, palatino, serif; font-size: 12pt;\">Coop\u00e9rative au service de la qualit\u00e9 du travail, des emplois et du dialogue social\u00a0: Conseil, Etude &amp; D\u00e9veloppement appliqu\u00e9s aux entreprises et aux territoires.<\/span><\/p>\n<p><span style=\"font-family: georgia, palatino, serif; font-size: 12pt;\"><em>http:\/\/www.cedaet.fr<\/em><\/span><\/td>\n<\/tr>\n<\/tbody>\n<\/table>\n<p>[\/vc_column_text][vc_empty_space][stm_post_bottom][\/vc_column][vc_column width=\u00a0\u00bb1\/4&Prime; offset=\u00a0\u00bbvc_hidden-sm vc_hidden-xs\u00a0\u00bb][stm_sidebar sidebar=\u00a0\u00bb311&Prime;][\/vc_column][\/vc_row][vc_row][vc_column][\/vc_column][\/vc_row]<\/p>\n","protected":false},"excerpt":{"rendered":"<p>[vc_row css=\u00a0\u00bb.vc_custom_1451991003825{margin-bottom: 100px !important;}\u00a0\u00bb][vc_column offset=\u00a0\u00bbvc_col-lg-9 vc_col-md-9&Prime;][vc_column_text css=\u00a0\u00bb.vc_custom_1617354136779{margin-top: 40px !important;}\u00a0\u00bb] Nos partenaires &nbsp; Les questions des repr\u00e9sentants des salari\u00e9s sont tr\u00e8s diverses et d\u00e9pendent, parfois, de r\u00e9glementations diff\u00e9rentes. Afin d\u2019y apporter les r\u00e9ponses les plus pertinentes, SOGEX CUBE travaille avec des partenaires sp\u00e9cialis\u00e9s, tels que des intervenants agr\u00e9\u00e9s CHSCT, des avocats, des actuaires, sp\u00e9cialistes en protection<\/p>\n","protected":false},"author":1,"featured_media":0,"parent":9,"menu_order":0,"comment_status":"closed","ping_status":"closed","template":"","meta":{"footnotes":""},"class_list":["post-1796","page","type-page","status-publish","hentry"],"_links":{"self":[{"href":"https:\/\/www.sogexcube.com\/index.php\/wp-json\/wp\/v2\/pages\/1796","targetHints":{"allow":["GET"]}}],"collection":[{"href":"https:\/\/www.sogexcube.com\/index.php\/wp-json\/wp\/v2\/pages"}],"about":[{"href":"https:\/\/www.sogexcube.com\/index.php\/wp-json\/wp\/v2\/types\/page"}],"author":[{"embeddable":true,"href":"https:\/\/www.sogexcube.com\/index.php\/wp-json\/wp\/v2\/users\/1"}],"replies":[{"embeddable":true,"href":"https:\/\/www.sogexcube.com\/index.php\/wp-json\/wp\/v2\/comments?post=1796"}],"version-history":[{"count":11,"href":"https:\/\/www.sogexcube.com\/index.php\/wp-json\/wp\/v2\/pages\/1796\/revisions"}],"predecessor-version":[{"id":2365,"href":"https:\/\/www.sogexcube.com\/index.php\/wp-json\/wp\/v2\/pages\/1796\/revisions\/2365"}],"up":[{"embeddable":true,"href":"https:\/\/www.sogexcube.com\/index.php\/wp-json\/wp\/v2\/pages\/9"}],"wp:attachment":[{"href":"https:\/\/www.sogexcube.com\/index.php\/wp-json\/wp\/v2\/media?parent=1796"}],"curies":[{"name":"wp","href":"https:\/\/api.w.org\/{rel}","templated":true}]}}