{"id":1980,"date":"2018-03-29T12:46:10","date_gmt":"2018-03-29T10:46:10","guid":{"rendered":"https:\/\/www.sogexcube.com\/?page_id=1980"},"modified":"2018-04-06T10:00:59","modified_gmt":"2018-04-06T08:00:59","slug":"formation-cse-des-instances-separees-a-linstance-unique","status":"publish","type":"page","link":"https:\/\/www.sogexcube.com\/index.php\/formations\/formation-cse-des-instances-separees-a-linstance-unique\/","title":{"rendered":"Formation CSE : des instances s\u00e9par\u00e9es \u00e0 l&rsquo;instance unique"},"content":{"rendered":"<p>[vc_row css=\u00a0\u00bb.vc_custom_1451991003825{margin-bottom: 100px !important;}\u00a0\u00bb][vc_column offset=\u00a0\u00bbvc_col-lg-9 vc_col-md-9&Prime;][vc_column_text css=\u00a0\u00bb.vc_custom_1523001620786{margin-top: 40px !important;}\u00a0\u00bb]<\/p>\n<h4><span style=\"font-size: 18pt;\">Formation CSE : des instances s\u00e9par\u00e9es \u00e0 l&rsquo;instance unique, quels changements?<\/span><\/h4>\n<p>&nbsp;<\/p>\n<p><strong><span style=\"font-size: 12pt; font-family: helvetica, arial, sans-serif;\">Objectifs :\u00a0<\/span><\/strong><\/p>\n<ul>\n<li><span style=\"font-size: 12pt; font-family: helvetica, arial, sans-serif;\">Ma\u00eetriser la transition entre les instances s\u00e9par\u00e9es (CE, CHSCT\u2026) et le CSE (Comit\u00e9 Sociale Economique)<\/span><\/li>\n<li><span style=\"font-size: 12pt; font-family: helvetica, arial, sans-serif;\">Comprendre le fonctionnement du CSE<\/span><\/li>\n<li><span style=\"font-size: 12pt; font-family: helvetica, arial, sans-serif;\">Connaitre les diff\u00e9rentes attributions du CSE<\/span><\/li>\n<\/ul>\n<p>&nbsp;<\/p>\n<p><strong><span style=\"font-size: 12pt; font-family: helvetica, arial, sans-serif;\">Programme<\/span><\/strong><\/p>\n<p><span style=\"font-size: 12pt; font-family: helvetica, arial, sans-serif;\">Le CSE, quels changements par rapport \u00e0 la situation actuelle\u00a0?\u00a0: <\/span><\/p>\n<ul>\n<li><span style=\"font-size: 10pt; font-family: helvetica, arial, sans-serif;\">Principe de fonctionnement du CSE\u00a0: le nombre d\u2019\u00e9lus, les heures de d\u00e9l\u00e9gation, la dur\u00e9e et la limitation des mandats\u2026 Quelles \u00e9volutions\u00a0?<\/span><\/li>\n<li><span style=\"font-size: 10pt; font-family: helvetica, arial, sans-serif;\">Les attributions du CSE suivant l\u2019effectif de l\u2019entreprise<\/span><\/li>\n<li><span style=\"font-size: 10pt; font-family: helvetica, arial, sans-serif;\">Les commissions du CSE\u00a0: focus sur la nouvelle Commission Sant\u00e9 S\u00e9curit\u00e9 et Conditions de travail (CSSCT)<\/span><\/li>\n<li><span style=\"font-size: 10pt; font-family: helvetica, arial, sans-serif;\">La BDES (Base de Donn\u00e9es Economiques et Sociales)<\/span><\/li>\n<li><span style=\"font-size: 10pt; font-family: helvetica, arial, sans-serif;\">La question de la disparition des instances de proximit\u00e9 (d\u00e9l\u00e9gu\u00e9 du personnel, CHSCT d\u2019\u00e9tablissement\u2026)<\/span><\/li>\n<\/ul>\n<p><span style=\"font-size: 12pt; font-family: helvetica, arial, sans-serif;\">Passage au CSE\u00a0: Quels impacts sur les budgets et le patrimoine du Comit\u00e9\u00a0?<\/span><\/p>\n<p><span style=\"font-size: 12pt; font-family: helvetica, arial, sans-serif;\">Le calendrier pr\u00e9visionnel des \u00e9lections\u00a0: quelles sont les diff\u00e9rentes \u00e9tapes\u00a0? <\/span><\/p>\n<p><span style=\"font-size: 12pt; font-family: helvetica, arial, sans-serif;\">Le protocole d\u2019accord pr\u00e9-\u00e9lectoral et la n\u00e9gociation de l\u2019accord sur les moyens du CSE\u00a0: que faut-il n\u00e9gocier pour assurer au mieux la d\u00e9fense des int\u00e9r\u00eats des salari\u00e9s\u00a0?<\/span><\/p>\n<ul>\n<li><span style=\"font-size: 10pt; font-family: helvetica, arial, sans-serif;\">Le p\u00e9rim\u00e8tre de mise en place du CSE (\u00e9tablissement\/\u00e9chelon central)<\/span><\/li>\n<li><span style=\"font-size: 10pt; font-family: helvetica, arial, sans-serif;\">La n\u00e9gociation des moyens accord\u00e9s au fonctionnement du CSE et \u00e0 ses commissions<\/span><\/li>\n<li><span style=\"font-size: 10pt; font-family: helvetica, arial, sans-serif;\">La question de la limitation du nombre de mandats cons\u00e9cutifs<\/span><\/li>\n<li><span style=\"font-size: 10pt; font-family: helvetica, arial, sans-serif;\">Les repr\u00e9sentants de proximit\u00e9<\/span><\/li>\n<li><span style=\"font-size: 10pt; font-family: helvetica, arial, sans-serif;\">Report ou anticipation des \u00e9lections<\/span><\/li>\n<\/ul>\n<p><span style=\"font-size: 12pt; font-family: helvetica, arial, sans-serif;\">Focus sur le Conseil d\u2019Entreprise<\/span><\/p>\n<p>&nbsp;<\/p>\n<p><span style=\"font-size: 12pt; font-family: helvetica, arial, sans-serif;\"><span style=\"color: #333333;\"><b>Publics\u00a0:\u00a0<\/b><\/span>Repr\u00e9sentant du personnel<\/span><\/p>\n<p><span style=\"font-size: 12pt; font-family: helvetica, arial, sans-serif;\"><span style=\"color: #333333;\"><b>Pr\u00e9requis\u00a0: <\/b><\/span>Aucun<\/span><\/p>\n<p><span style=\"font-size: 12pt; font-family: helvetica, arial, sans-serif;\"><span style=\"color: #333333;\"><b>Dur\u00e9e\u00a0: <\/b><\/span>1 jour<\/span><\/p>\n<p><span style=\"font-size: 12pt; font-family: helvetica, arial, sans-serif;\"><span style=\"color: #333333;\"><b>Lieu : <\/b><\/span>Dans nos locaux ou chez le client<\/span><b><\/b><\/p>\n<p>&nbsp;<\/p>\n<p><span style=\"font-size: 12pt; font-family: helvetica, arial, sans-serif;\">T\u00e9l\u00e9charger la fiche formation en cliquant <a href=\"https:\/\/www.sogexcube.com\/wp-content\/uploads\/2018\/04\/SOGEX-CUBE-Formations-CSE.pdf\"><b>ICI\u00a0<\/b><\/a><\/span><\/p>\n<p>&nbsp;<\/p>\n<p>[\/vc_column_text][vc_empty_space][stm_post_bottom][\/vc_column][vc_column width=\u00a0\u00bb1\/4&Prime; offset=\u00a0\u00bbvc_hidden-sm vc_hidden-xs\u00a0\u00bb][stm_sidebar sidebar=\u00a0\u00bb1771&Prime;][\/vc_column][\/vc_row]<\/p>\n","protected":false},"excerpt":{"rendered":"<p>[vc_row css=\u00a0\u00bb.vc_custom_1451991003825{margin-bottom: 100px !important;}\u00a0\u00bb][vc_column offset=\u00a0\u00bbvc_col-lg-9 vc_col-md-9&Prime;][vc_column_text css=\u00a0\u00bb.vc_custom_1523001620786{margin-top: 40px !important;}\u00a0\u00bb] Formation CSE : des instances s\u00e9par\u00e9es \u00e0 l&rsquo;instance unique, quels changements? &nbsp; Objectifs :\u00a0 Ma\u00eetriser la transition entre les instances s\u00e9par\u00e9es (CE, CHSCT\u2026) et le CSE (Comit\u00e9 Sociale Economique) Comprendre le fonctionnement du CSE Connaitre les diff\u00e9rentes attributions du CSE &nbsp; Programme Le CSE, quels changements<\/p>\n","protected":false},"author":1,"featured_media":0,"parent":1764,"menu_order":0,"comment_status":"closed","ping_status":"closed","template":"","meta":{"footnotes":""},"class_list":["post-1980","page","type-page","status-publish","hentry"],"_links":{"self":[{"href":"https:\/\/www.sogexcube.com\/index.php\/wp-json\/wp\/v2\/pages\/1980","targetHints":{"allow":["GET"]}}],"collection":[{"href":"https:\/\/www.sogexcube.com\/index.php\/wp-json\/wp\/v2\/pages"}],"about":[{"href":"https:\/\/www.sogexcube.com\/index.php\/wp-json\/wp\/v2\/types\/page"}],"author":[{"embeddable":true,"href":"https:\/\/www.sogexcube.com\/index.php\/wp-json\/wp\/v2\/users\/1"}],"replies":[{"embeddable":true,"href":"https:\/\/www.sogexcube.com\/index.php\/wp-json\/wp\/v2\/comments?post=1980"}],"version-history":[{"count":7,"href":"https:\/\/www.sogexcube.com\/index.php\/wp-json\/wp\/v2\/pages\/1980\/revisions"}],"predecessor-version":[{"id":2073,"href":"https:\/\/www.sogexcube.com\/index.php\/wp-json\/wp\/v2\/pages\/1980\/revisions\/2073"}],"up":[{"embeddable":true,"href":"https:\/\/www.sogexcube.com\/index.php\/wp-json\/wp\/v2\/pages\/1764"}],"wp:attachment":[{"href":"https:\/\/www.sogexcube.com\/index.php\/wp-json\/wp\/v2\/media?parent=1980"}],"curies":[{"name":"wp","href":"https:\/\/api.w.org\/{rel}","templated":true}]}}