{"id":1984,"date":"2018-03-29T12:51:18","date_gmt":"2018-03-29T10:51:18","guid":{"rendered":"https:\/\/www.sogexcube.com\/?page_id=1984"},"modified":"2020-01-30T15:55:39","modified_gmt":"2020-01-30T14:55:39","slug":"fonctionnement-du-cse","status":"publish","type":"page","link":"https:\/\/www.sogexcube.com\/index.php\/formations\/fonctionnement-du-cse\/","title":{"rendered":"Fonctionnement du CSE"},"content":{"rendered":"<p>[vc_row css=\u00a0\u00bb.vc_custom_1451991003825{margin-bottom: 100px !important;}\u00a0\u00bb][vc_column offset=\u00a0\u00bbvc_col-lg-9 vc_col-md-9&Prime;][vc_column_text css=\u00a0\u00bb.vc_custom_1580396134073{margin-top: 40px !important;}\u00a0\u00bb]<\/p>\n<h4><span style=\"font-size: 18pt;\">Fonctionnement du CSE<\/span><\/h4>\n<p>&nbsp;<\/p>\n<p style=\"text-align: justify;\"><span style=\"font-size: 12pt; font-family: helvetica, arial, sans-serif; color: #808080;\"><strong>Quelles sont les attributions du CSE ? Comment fonctionne-t-il\u00a0? Quels sont ses moyens\u00a0? Quels sont les changements entra\u00een\u00e9s par la loi dite \u00ab\u00a0Rebsamen\u00a0\u00bb sur les consultations du Comit\u00e9 d\u2019Entreprise ainsi que le recours \u00e0 l\u2019Expert\u00a0? Cette formation vous permettra de connaitre le fonctionnement d\u2019un comit\u00e9 d\u2019entreprise et ses moyens d\u2019action. <\/strong><\/span><\/p>\n<p style=\"text-align: justify;\"><span style=\"font-size: 12pt; font-family: helvetica, arial, sans-serif;\"><strong>\u00a0<\/strong><\/span><\/p>\n<p style=\"text-align: justify;\"><span style=\"font-size: 12pt; font-family: helvetica, arial, sans-serif;\"><strong>Programme\u00a0<\/strong><\/span><\/p>\n<p style=\"text-align: justify;\"><span style=\"font-size: 12pt; font-family: helvetica, arial, sans-serif;\">Qu\u2019est-ce qu\u2019un CSE\u00a0? <\/span><\/p>\n<ul style=\"text-align: justify;\">\n<li><span style=\"font-size: 10pt; font-family: helvetica, arial, sans-serif;\">Historique du cadre l\u00e9gal des CSE<\/span><\/li>\n<li><span style=\"font-size: 10pt; font-family: helvetica, arial, sans-serif;\">Les diff\u00e9rentes formes de Comit\u00e9s (CSE, CCE, DUP\u2026)<\/span><\/li>\n<\/ul>\n<p style=\"text-align: justify;\"><span style=\"font-size: 12pt; font-family: helvetica, arial, sans-serif;\">L\u2019organisation du CSE\u00a0<\/span><\/p>\n<ul style=\"text-align: justify;\">\n<li><span style=\"font-size: 10pt; font-family: helvetica, arial, sans-serif;\">La composition du CSE (secr\u00e9taire, tr\u00e9sorier, pr\u00e9sident\u2026)<\/span><\/li>\n<li><span style=\"font-size: 10pt; font-family: helvetica, arial, sans-serif;\">Les nouvelles obligations pour la gestion financi\u00e8re<\/span><\/li>\n<li><span style=\"font-size: 10pt; font-family: helvetica, arial, sans-serif;\">Le r\u00e8glement int\u00e9rieur<\/span><\/li>\n<li><span style=\"font-size: 10pt; font-family: helvetica, arial, sans-serif;\">R\u00e9unions du Comit\u00e9\u00a0(p\u00e9riodicit\u00e9, ordre du jour, d\u00e9roulement de la r\u00e9union, convocation, proc\u00e8s-verbal,)<\/span><\/li>\n<li><span style=\"font-size: 10pt; font-family: helvetica, arial, sans-serif;\">Commissions obligatoires et facultatives<\/span><\/li>\n<\/ul>\n<p style=\"text-align: justify;\"><span style=\"font-size: 12pt; font-family: helvetica, arial, sans-serif;\">Les attributions du CSE (\u00e9conomiques, socioculturelles et professionnelles)<\/span><\/p>\n<p style=\"text-align: justify;\"><span style=\"font-size: 12pt; font-family: helvetica, arial, sans-serif;\">Les consultations obligatoires<\/span><\/p>\n<ul style=\"text-align: justify;\">\n<li><span style=\"font-size: 10pt; font-family: helvetica, arial, sans-serif;\">Le nouveau cadre des consultations obligatoires (changements entra\u00een\u00e9s par la loi \u00ab\u00a0Rebsamen\u00a0\u00bb)\u00a0<\/span><\/li>\n<li><span style=\"font-size: 10pt; font-family: helvetica, arial, sans-serif;\">Pr\u00e9paration des 3 nouvelles consultations\u00a0<\/span><\/li>\n<li><span style=\"font-size: 10pt; font-family: helvetica, arial, sans-serif;\">Les d\u00e9lais de consultations et recours possibles<\/span><\/li>\n<li><span style=\"font-size: 10pt; font-family: helvetica, arial, sans-serif;\">Les autres consultations<\/span><\/li>\n<\/ul>\n<p style=\"text-align: justify;\"><span style=\"font-size: 12pt; font-family: helvetica, arial, sans-serif;\">Les moyens du Comit\u00e9\u00a0<\/span><\/p>\n<ul style=\"text-align: justify;\">\n<li><span style=\"font-size: 10pt; font-family: helvetica, arial, sans-serif;\">Le cr\u00e9dit d&rsquo;heures<\/span><\/li>\n<li><span style=\"font-size: 10pt; font-family: helvetica, arial, sans-serif;\">Moyens mat\u00e9riels (la mise \u00e0 disposition de locaux, \u00e9quipement&#8230;)<\/span><\/li>\n<li><span style=\"font-size: 10pt; font-family: helvetica, arial, sans-serif;\">Le recours aux experts<\/span><\/li>\n<li><span style=\"font-size: 10pt; font-family: helvetica, arial, sans-serif;\">La communication aupr\u00e8s des salari\u00e9s<\/span><\/li>\n<li><span style=\"font-size: 10pt; font-family: helvetica, arial, sans-serif;\">Les budgets du comit\u00e9 et leur gestion<\/span><\/li>\n<\/ul>\n<p style=\"text-align: justify;\"><span style=\"font-size: 12pt; font-family: helvetica, arial, sans-serif;\">Le statut du membre du CSE (mandats, responsabilit\u00e9 civile ou p\u00e9nale, protection)<\/span><\/p>\n<p>&nbsp;<\/p>\n<p style=\"text-align: justify;\"><span style=\"font-size: 12pt; font-family: helvetica, arial, sans-serif;\"><strong>Publics\u00a0:\u00a0<\/strong><\/span><span style=\"font-size: 12pt; font-family: helvetica, arial, sans-serif;\">Membres du CSE\u00a0<\/span><\/p>\n<p style=\"text-align: justify;\"><span style=\"font-size: 12pt; font-family: helvetica, arial, sans-serif;\"><strong>Pr\u00e9requis\u00a0: <\/strong><\/span><span style=\"font-size: 12pt; font-family: helvetica, arial, sans-serif;\">Aucun<\/span><\/p>\n<p style=\"text-align: justify;\"><span style=\"font-size: 12pt; font-family: helvetica, arial, sans-serif;\"><strong>Dur\u00e9e\u00a0: <\/strong><\/span><span style=\"font-size: 12pt; font-family: helvetica, arial, sans-serif;\">2 jours<\/span><\/p>\n<p>[\/vc_column_text][vc_empty_space][stm_post_bottom][\/vc_column][vc_column width=\u00a0\u00bb1\/4&Prime; offset=\u00a0\u00bbvc_hidden-sm vc_hidden-xs\u00a0\u00bb][stm_sidebar sidebar=\u00a0\u00bb1771&Prime;][\/vc_column][\/vc_row]<\/p>\n","protected":false},"excerpt":{"rendered":"<p>[vc_row css=\u00a0\u00bb.vc_custom_1451991003825{margin-bottom: 100px !important;}\u00a0\u00bb][vc_column offset=\u00a0\u00bbvc_col-lg-9 vc_col-md-9&Prime;][vc_column_text css=\u00a0\u00bb.vc_custom_1580396134073{margin-top: 40px !important;}\u00a0\u00bb] Fonctionnement du CSE &nbsp; Quelles sont les attributions du CSE ? Comment fonctionne-t-il\u00a0? Quels sont ses moyens\u00a0? Quels sont les changements entra\u00een\u00e9s par la loi dite \u00ab\u00a0Rebsamen\u00a0\u00bb sur les consultations du Comit\u00e9 d\u2019Entreprise ainsi que le recours \u00e0 l\u2019Expert\u00a0? Cette formation vous permettra de connaitre le<\/p>\n","protected":false},"author":1,"featured_media":0,"parent":1764,"menu_order":0,"comment_status":"closed","ping_status":"closed","template":"","meta":{"footnotes":""},"class_list":["post-1984","page","type-page","status-publish","hentry"],"_links":{"self":[{"href":"https:\/\/www.sogexcube.com\/index.php\/wp-json\/wp\/v2\/pages\/1984","targetHints":{"allow":["GET"]}}],"collection":[{"href":"https:\/\/www.sogexcube.com\/index.php\/wp-json\/wp\/v2\/pages"}],"about":[{"href":"https:\/\/www.sogexcube.com\/index.php\/wp-json\/wp\/v2\/types\/page"}],"author":[{"embeddable":true,"href":"https:\/\/www.sogexcube.com\/index.php\/wp-json\/wp\/v2\/users\/1"}],"replies":[{"embeddable":true,"href":"https:\/\/www.sogexcube.com\/index.php\/wp-json\/wp\/v2\/comments?post=1984"}],"version-history":[{"count":8,"href":"https:\/\/www.sogexcube.com\/index.php\/wp-json\/wp\/v2\/pages\/1984\/revisions"}],"predecessor-version":[{"id":2303,"href":"https:\/\/www.sogexcube.com\/index.php\/wp-json\/wp\/v2\/pages\/1984\/revisions\/2303"}],"up":[{"embeddable":true,"href":"https:\/\/www.sogexcube.com\/index.php\/wp-json\/wp\/v2\/pages\/1764"}],"wp:attachment":[{"href":"https:\/\/www.sogexcube.com\/index.php\/wp-json\/wp\/v2\/media?parent=1984"}],"curies":[{"name":"wp","href":"https:\/\/api.w.org\/{rel}","templated":true}]}}