{"id":1987,"date":"2018-03-29T12:57:45","date_gmt":"2018-03-29T10:57:45","guid":{"rendered":"https:\/\/www.sogexcube.com\/?page_id=1987"},"modified":"2020-01-30T16:26:58","modified_gmt":"2020-01-30T15:26:58","slug":"comptabilite-des-cse","status":"publish","type":"page","link":"https:\/\/www.sogexcube.com\/index.php\/formations\/comptabilite-des-cse\/","title":{"rendered":"Comptabilit\u00e9 des CSE"},"content":{"rendered":"<p>[vc_row css=\u00a0\u00bb.vc_custom_1451991003825{margin-bottom: 100px !important;}\u00a0\u00bb][vc_column offset=\u00a0\u00bbvc_col-lg-9 vc_col-md-9&Prime;][vc_column_text css=\u00a0\u00bb.vc_custom_1580396330968{margin-top: 40px !important;}\u00a0\u00bb]<\/p>\n<h4><span style=\"font-size: 24pt;\">Comptabilit\u00e9 des CSE<\/span><\/h4>\n<p>&nbsp;<\/p>\n<p style=\"text-align: justify;\"><span style=\"font-size: 12pt; font-family: helvetica, arial, sans-serif;\"><strong>Cette formation vous permettra d\u2019acqu\u00e9rir les notions comptables n\u00e9cessaires \u00e0 la bonne gestion du CSE et d\u2019optimiser l\u2019utilisation des budgets. <\/strong><\/span><\/p>\n<p>&nbsp;<\/p>\n<p><span style=\"font-size: 12pt; font-family: helvetica, arial, sans-serif;\"><strong>Programme\u00a0<\/strong><\/span><\/p>\n<p style=\"text-align: justify;\"><span style=\"font-size: 12pt; font-family: helvetica, arial, sans-serif;\">Les enjeux d\u2019une comptabilit\u00e9 fiable<\/span><\/p>\n<ul style=\"text-align: justify;\">\n<li><span style=\"font-size: 10pt; font-family: helvetica, arial, sans-serif;\">Les obligations comptables et budg\u00e9taire du CSE<\/span><\/li>\n<li><span style=\"font-size: 10pt; font-family: helvetica, arial, sans-serif;\">La gestion du budget<\/span><\/li>\n<li><span style=\"font-size: 10pt; font-family: helvetica, arial, sans-serif;\">L\u2019organisation interne (engagement et contr\u00f4le des d\u00e9penses, suivi des encaissements, de la tr\u00e9sorerie, classement des pi\u00e8ces justificatives)<\/span><\/li>\n<li><span style=\"font-size: 10pt; font-family: helvetica, arial, sans-serif;\">Les risques encourus<\/span><\/li>\n<\/ul>\n<p style=\"text-align: justify;\"><span style=\"font-size: 12pt; font-family: helvetica, arial, sans-serif;\">Les notions comptables importantes\u00a0<\/span><\/p>\n<ul style=\"text-align: justify;\">\n<li><span style=\"font-size: 10pt; font-family: helvetica, arial, sans-serif;\">Vocabulaire comptable<\/span><\/li>\n<li><span style=\"font-size: 10pt; font-family: helvetica, arial, sans-serif;\">Principes de la comptabilit\u00e9<\/span><\/li>\n<li><span style=\"font-size: 10pt; font-family: helvetica, arial, sans-serif;\">M\u00e9canisme de la partie double<\/span><\/li>\n<li><span style=\"font-size: 10pt; font-family: helvetica, arial, sans-serif;\">Documents comptables (grand livre, journal, balance)<\/span><\/li>\n<\/ul>\n<p style=\"text-align: justify;\"><span style=\"font-size: 12pt; font-family: helvetica, arial, sans-serif;\">La tenue de compte\u00a0<\/span><\/p>\n<ul style=\"text-align: justify;\">\n<li><span style=\"font-size: 10pt; font-family: helvetica, arial, sans-serif;\">Le plan comptable g\u00e9n\u00e9ral<\/span><\/li>\n<li><span style=\"font-size: 10pt; font-family: helvetica, arial, sans-serif;\">Formation aux logiciels de gestion du CSE et comptabilit\u00e9 (facultatif)<\/span><\/li>\n<li><span style=\"font-size: 10pt; font-family: helvetica, arial, sans-serif;\">Num\u00e9rotation des comptes<\/span><\/li>\n<li><span style=\"font-size: 10pt; font-family: helvetica, arial, sans-serif;\">Enregistrement des op\u00e9rations et \u00e9critures comptables<\/span><\/li>\n<li><span style=\"font-size: 10pt; font-family: helvetica, arial, sans-serif;\">Le suivi analytique des activit\u00e9s<\/span><\/li>\n<li><span style=\"font-size: 10pt; font-family: helvetica, arial, sans-serif;\">Les op\u00e9rations d&rsquo;inventaire pour l&rsquo;arr\u00eat\u00e9 des comptes<\/span><\/li>\n<li><span style=\"font-size: 10pt; font-family: helvetica, arial, sans-serif;\">Les contr\u00f4les essentiels<\/span><\/li>\n<\/ul>\n<p style=\"text-align: justify;\"><span style=\"font-size: 12pt; font-family: helvetica, arial, sans-serif;\">Validation des comptes <\/span><\/p>\n<ul style=\"text-align: justify;\">\n<li><span style=\"font-size: 10pt; font-family: helvetica, arial, sans-serif;\">Les \u00e9tats financiers : Comptes de r\u00e9sultats, Bilan, Annexes<\/span><\/li>\n<li><span style=\"font-size: 10pt; font-family: helvetica, arial, sans-serif;\">La pr\u00e9sentation des comptes annuels<\/span><\/li>\n<li><span style=\"font-size: 10pt; font-family: helvetica, arial, sans-serif;\">Arr\u00eat\u00e9, contribution et approbation des comptes<\/span><\/li>\n<li><span style=\"font-size: 10pt; font-family: helvetica, arial, sans-serif;\">Certification du commissaire aux comptes<\/span><\/li>\n<\/ul>\n<p>&nbsp;<\/p>\n<p style=\"text-align: justify;\"><span style=\"font-size: 12pt; font-family: helvetica, arial, sans-serif;\"><strong>Publics\u00a0:\u00a0<\/strong><\/span><span style=\"font-size: 12pt; font-family: helvetica, arial, sans-serif;\">Membres des CSE et des comit\u00e9s d\u2019\u00e9tablissement<\/span><\/p>\n<p style=\"text-align: justify;\"><span style=\"font-size: 12pt; font-family: helvetica, arial, sans-serif;\"><strong>Pr\u00e9requis\u00a0: <\/strong><\/span><span style=\"font-size: 12pt; font-family: helvetica, arial, sans-serif;\">Aucun<\/span><\/p>\n<p style=\"text-align: justify;\"><span style=\"font-size: 12pt; font-family: helvetica, arial, sans-serif;\"><strong>Dur\u00e9e\u00a0: <\/strong><\/span><span style=\"font-size: 12pt; font-family: helvetica, arial, sans-serif;\">2 jours<\/span><\/p>\n<p>[\/vc_column_text][vc_empty_space][stm_post_bottom][\/vc_column][vc_column width=\u00a0\u00bb1\/4&Prime; offset=\u00a0\u00bbvc_hidden-sm vc_hidden-xs\u00a0\u00bb][stm_sidebar sidebar=\u00a0\u00bb1771&Prime;][\/vc_column][\/vc_row]<\/p>\n","protected":false},"excerpt":{"rendered":"<p>[vc_row css=\u00a0\u00bb.vc_custom_1451991003825{margin-bottom: 100px !important;}\u00a0\u00bb][vc_column offset=\u00a0\u00bbvc_col-lg-9 vc_col-md-9&Prime;][vc_column_text css=\u00a0\u00bb.vc_custom_1580396330968{margin-top: 40px !important;}\u00a0\u00bb] Comptabilit\u00e9 des CSE &nbsp; Cette formation vous permettra d\u2019acqu\u00e9rir les notions comptables n\u00e9cessaires \u00e0 la bonne gestion du CSE et d\u2019optimiser l\u2019utilisation des budgets. &nbsp; Programme\u00a0 Les enjeux d\u2019une comptabilit\u00e9 fiable Les obligations comptables et budg\u00e9taire du CSE La gestion du budget L\u2019organisation interne (engagement et<\/p>\n","protected":false},"author":1,"featured_media":0,"parent":1764,"menu_order":0,"comment_status":"closed","ping_status":"closed","template":"","meta":{"footnotes":""},"class_list":["post-1987","page","type-page","status-publish","hentry"],"_links":{"self":[{"href":"https:\/\/www.sogexcube.com\/index.php\/wp-json\/wp\/v2\/pages\/1987","targetHints":{"allow":["GET"]}}],"collection":[{"href":"https:\/\/www.sogexcube.com\/index.php\/wp-json\/wp\/v2\/pages"}],"about":[{"href":"https:\/\/www.sogexcube.com\/index.php\/wp-json\/wp\/v2\/types\/page"}],"author":[{"embeddable":true,"href":"https:\/\/www.sogexcube.com\/index.php\/wp-json\/wp\/v2\/users\/1"}],"replies":[{"embeddable":true,"href":"https:\/\/www.sogexcube.com\/index.php\/wp-json\/wp\/v2\/comments?post=1987"}],"version-history":[{"count":6,"href":"https:\/\/www.sogexcube.com\/index.php\/wp-json\/wp\/v2\/pages\/1987\/revisions"}],"predecessor-version":[{"id":2012,"href":"https:\/\/www.sogexcube.com\/index.php\/wp-json\/wp\/v2\/pages\/1987\/revisions\/2012"}],"up":[{"embeddable":true,"href":"https:\/\/www.sogexcube.com\/index.php\/wp-json\/wp\/v2\/pages\/1764"}],"wp:attachment":[{"href":"https:\/\/www.sogexcube.com\/index.php\/wp-json\/wp\/v2\/media?parent=1987"}],"curies":[{"name":"wp","href":"https:\/\/api.w.org\/{rel}","templated":true}]}}