{"id":1992,"date":"2018-03-29T15:38:00","date_gmt":"2018-03-29T13:38:00","guid":{"rendered":"https:\/\/www.sogexcube.com\/?page_id=1992"},"modified":"2020-01-30T16:38:52","modified_gmt":"2020-01-30T15:38:52","slug":"tresorier-du-cse-2","status":"publish","type":"page","link":"https:\/\/www.sogexcube.com\/index.php\/formations\/tresorier-du-cse-2\/","title":{"rendered":"Tr\u00e9sorier du CSE"},"content":{"rendered":"<p>[vc_row css=\u00a0\u00bb.vc_custom_1451991003825{margin-bottom: 100px !important;}\u00a0\u00bb][vc_column offset=\u00a0\u00bbvc_col-lg-9 vc_col-md-9&Prime;][vc_column_text css=\u00a0\u00bb.vc_custom_1580398606670{margin-top: 40px !important;}\u00a0\u00bb]<\/p>\n<h4><span style=\"font-size: 18pt;\">Tr\u00e9sorier du CSE<\/span><\/h4>\n<p>&nbsp;<\/p>\n<p style=\"text-align: justify;\"><span style=\"font-family: helvetica, arial, sans-serif; font-size: 12pt;\"><strong>Cette formation vous permettra de conna\u00eetre le r\u00f4le, les attributions et les moyens du Tr\u00e9sorier dans un environnement l\u00e9gislatif changeant. <\/strong><\/span><\/p>\n<p>&nbsp;<\/p>\n<p style=\"text-align: justify;\"><span style=\"font-family: helvetica, arial, sans-serif; font-size: 12pt;\"><strong>Programme\u00a0<\/strong><\/span><\/p>\n<p style=\"text-align: justify;\"><span style=\"font-family: helvetica, arial, sans-serif; font-size: 12pt;\">Le r\u00f4le du Tr\u00e9sorier<\/span><\/p>\n<ul style=\"text-align: justify;\">\n<li><span style=\"font-family: helvetica, arial, sans-serif; font-size: 10pt;\">Le r\u00f4le du Tr\u00e9sorier dans la tenue et la pr\u00e9sentation des comptes du CSE<\/span><\/li>\n<li><span style=\"font-family: helvetica, arial, sans-serif; font-size: 10pt;\">R\u00e8glement int\u00e9rieur\u00a0<\/span><\/li>\n<li><span style=\"font-family: helvetica, arial, sans-serif; font-size: 10pt;\">Responsabilit\u00e9 collective du CSE et responsabilit\u00e9 individuelle des membres<\/span><\/li>\n<li><span style=\"font-family: helvetica, arial, sans-serif; font-size: 10pt;\">Le statut du tr\u00e9sorier et ses missions<\/span><\/li>\n<li><span style=\"font-family: helvetica, arial, sans-serif; font-size: 10pt;\">Mise en place de proc\u00e9dures<\/span><\/li>\n<li><span style=\"font-family: helvetica, arial, sans-serif; font-size: 10pt;\">Conservation des justificatifs<\/span><\/li>\n<\/ul>\n<p style=\"text-align: justify;\"><span style=\"font-family: helvetica, arial, sans-serif; font-size: 12pt;\">Le cadre l\u00e9gal <\/span><\/p>\n<ul style=\"text-align: justify;\">\n<li><span style=\"font-family: helvetica, arial, sans-serif; font-size: 10pt;\">Budget de fonctionnement\u00a0: calcul, d\u00e9penses autoris\u00e9es, subventions<\/span><\/li>\n<li><span style=\"font-family: helvetica, arial, sans-serif; font-size: 10pt;\">Budget des activit\u00e9s sociales et culturelles\u00a0: calcul, d\u00e9penses autoris\u00e9es, r\u00e8gles URSSAF<\/span><\/li>\n<li><span style=\"font-family: helvetica, arial, sans-serif; font-size: 10pt;\">S\u00e9paration des budgets<\/span><\/li>\n<li><span style=\"font-family: helvetica, arial, sans-serif; font-size: 10pt;\">Obligations comptables<\/span><\/li>\n<li><span style=\"font-family: helvetica, arial, sans-serif; font-size: 10pt;\">Processus d\u2019arr\u00eat\u00e9, d\u2019approbation et de publicit\u00e9 des comptes<\/span><\/li>\n<\/ul>\n<p style=\"text-align: justify;\"><span style=\"font-family: helvetica, arial, sans-serif; font-size: 12pt;\">G<\/span><span style=\"font-family: helvetica, arial, sans-serif; font-size: 12pt;\">estion des budgets<\/span><\/p>\n<ul style=\"text-align: justify;\">\n<li><span style=\"font-size: 10pt;\"><span style=\"font-family: helvetica, arial, sans-serif;\">\u00c9laboration\u00a0des budgets et le suivi<\/span><\/span><\/li>\n<li><span style=\"font-family: helvetica, arial, sans-serif; font-size: 10pt;\">M\u00e9thodes de suivi des comptes<\/span><\/li>\n<li><span style=\"font-family: helvetica, arial, sans-serif; font-size: 10pt;\">Outils de pilotage<\/span><\/li>\n<li><span style=\"font-family: helvetica, arial, sans-serif; font-size: 10pt;\">La relation du tr\u00e9sorier avec l\u2019expert-comptable et\/ou le commissaire aux comptes<\/span><\/li>\n<\/ul>\n<p>&nbsp;<\/p>\n<p style=\"text-align: justify;\"><span style=\"font-family: helvetica, arial, sans-serif; font-size: 12pt;\"><strong>Publics\u00a0:\u00a0<\/strong><\/span><span style=\"font-family: helvetica, arial, sans-serif; font-size: 12pt;\">Elus ayant des responsabilit\u00e9s dans la gestion des budgets du CSE (tr\u00e9soriers, secr\u00e9taires, adjoints, etc.)<\/span><\/p>\n<p style=\"text-align: justify;\"><span style=\"font-family: helvetica, arial, sans-serif; font-size: 12pt;\"><strong>Pr\u00e9requis\u00a0: <\/strong><\/span><span style=\"font-family: helvetica, arial, sans-serif; font-size: 12pt;\">Aucun<\/span><\/p>\n<p style=\"text-align: justify;\"><span style=\"font-family: helvetica, arial, sans-serif; font-size: 12pt;\"><strong>Dur\u00e9e\u00a0: <\/strong><\/span><span style=\"font-family: helvetica, arial, sans-serif; font-size: 12pt;\">1 jour<\/span><\/p>\n<p>[\/vc_column_text][vc_empty_space][stm_post_bottom][\/vc_column][vc_column width=\u00a0\u00bb1\/4&Prime; offset=\u00a0\u00bbvc_hidden-sm vc_hidden-xs\u00a0\u00bb][stm_sidebar sidebar=\u00a0\u00bb1771&Prime;][\/vc_column][\/vc_row]<\/p>\n","protected":false},"excerpt":{"rendered":"<p>[vc_row css=\u00a0\u00bb.vc_custom_1451991003825{margin-bottom: 100px !important;}\u00a0\u00bb][vc_column offset=\u00a0\u00bbvc_col-lg-9 vc_col-md-9&Prime;][vc_column_text css=\u00a0\u00bb.vc_custom_1580398606670{margin-top: 40px !important;}\u00a0\u00bb] Tr\u00e9sorier du CSE &nbsp; Cette formation vous permettra de conna\u00eetre le r\u00f4le, les attributions et les moyens du Tr\u00e9sorier dans un environnement l\u00e9gislatif changeant. &nbsp; Programme\u00a0 Le r\u00f4le du Tr\u00e9sorier Le r\u00f4le du Tr\u00e9sorier dans la tenue et la pr\u00e9sentation des comptes du CSE R\u00e8glement int\u00e9rieur\u00a0<\/p>\n","protected":false},"author":1,"featured_media":0,"parent":1764,"menu_order":0,"comment_status":"closed","ping_status":"closed","template":"","meta":{"footnotes":""},"class_list":["post-1992","page","type-page","status-publish","hentry"],"_links":{"self":[{"href":"https:\/\/www.sogexcube.com\/index.php\/wp-json\/wp\/v2\/pages\/1992","targetHints":{"allow":["GET"]}}],"collection":[{"href":"https:\/\/www.sogexcube.com\/index.php\/wp-json\/wp\/v2\/pages"}],"about":[{"href":"https:\/\/www.sogexcube.com\/index.php\/wp-json\/wp\/v2\/types\/page"}],"author":[{"embeddable":true,"href":"https:\/\/www.sogexcube.com\/index.php\/wp-json\/wp\/v2\/users\/1"}],"replies":[{"embeddable":true,"href":"https:\/\/www.sogexcube.com\/index.php\/wp-json\/wp\/v2\/comments?post=1992"}],"version-history":[{"count":6,"href":"https:\/\/www.sogexcube.com\/index.php\/wp-json\/wp\/v2\/pages\/1992\/revisions"}],"predecessor-version":[{"id":2028,"href":"https:\/\/www.sogexcube.com\/index.php\/wp-json\/wp\/v2\/pages\/1992\/revisions\/2028"}],"up":[{"embeddable":true,"href":"https:\/\/www.sogexcube.com\/index.php\/wp-json\/wp\/v2\/pages\/1764"}],"wp:attachment":[{"href":"https:\/\/www.sogexcube.com\/index.php\/wp-json\/wp\/v2\/media?parent=1992"}],"curies":[{"name":"wp","href":"https:\/\/api.w.org\/{rel}","templated":true}]}}