{"id":1999,"date":"2018-03-29T15:53:30","date_gmt":"2018-03-29T13:53:30","guid":{"rendered":"https:\/\/www.sogexcube.com\/?page_id=1999"},"modified":"2020-01-30T16:57:08","modified_gmt":"2020-01-30T15:57:08","slug":"faire-face-aux-pse-et-aux-plans-de-departs-volontaires","status":"publish","type":"page","link":"https:\/\/www.sogexcube.com\/index.php\/formations\/faire-face-aux-pse-et-aux-plans-de-departs-volontaires\/","title":{"rendered":"Faire face aux PSE et aux plans de d\u00e9parts volontaires"},"content":{"rendered":"<p>[vc_row css=\u00a0\u00bb.vc_custom_1451991003825{margin-bottom: 100px !important;}\u00a0\u00bb][vc_column offset=\u00a0\u00bbvc_col-lg-9 vc_col-md-9&Prime;][vc_column_text css=\u00a0\u00bb.vc_custom_1580399826654{margin-top: 40px !important;}\u00a0\u00bb]<\/p>\n<h4><span style=\"font-size: 18pt; font-family: helvetica, arial, sans-serif;\">Faire face aux PSE et aux plans de d\u00e9parts volontaires<\/span><\/h4>\n<p>&nbsp;<\/p>\n<p><span style=\"font-size: 12pt; font-family: helvetica, arial, sans-serif;\"><strong>Programme<\/strong><\/span><\/p>\n<ul>\n<li><span style=\"font-size: 12pt; font-family: helvetica, arial, sans-serif;\">Cadre l\u00e9gal des licenciements \u00e9conomiques<\/span><\/li>\n<li><span style=\"font-size: 12pt; font-family: helvetica, arial, sans-serif;\">La proc\u00e9dure des grands licenciements \u00e9conomiques<\/span><\/li>\n<li><span style=\"font-size: 12pt; font-family: helvetica, arial, sans-serif;\">Les sp\u00e9cificit\u00e9s des plans de d\u00e9parts volontaires<\/span><\/li>\n<li><span style=\"font-size: 12pt; font-family: helvetica, arial, sans-serif;\">Le r\u00f4le de la Direccte<\/span><\/li>\n<li><span style=\"font-size: 12pt; font-family: helvetica, arial, sans-serif;\">Les changements suite \u00e0 la loi sur la s\u00e9curisation de l\u2019emploi et la loi travail<\/span><\/li>\n<li><span style=\"font-size: 12pt; font-family: helvetica, arial, sans-serif;\">Analyse du projet de r\u00e9organisation<\/span><\/li>\n<li><span style=\"font-size: 12pt; font-family: helvetica, arial, sans-serif;\">Les mesures d\u2019accompagnement\u00a0: volontariat, reclassements, mesures d\u2019\u00e2ges, compensations, commission de suivi du plan<\/span><\/li>\n<li><span style=\"font-size: 12pt; font-family: helvetica, arial, sans-serif;\">Voies de recours judiciaires<\/span><\/li>\n<\/ul>\n<p>&nbsp;<\/p>\n<p><span style=\"font-size: 12pt; font-family: helvetica, arial, sans-serif;\"><strong>Publics\u00a0:\u00a0<\/strong><\/span><span style=\"font-size: 12pt; font-family: helvetica, arial, sans-serif;\">Membres du CSE<\/span><\/p>\n<p><span style=\"font-size: 12pt; font-family: helvetica, arial, sans-serif;\"><strong>Pr\u00e9requis\u00a0:\u00a0<\/strong><\/span><span style=\"font-size: 12pt; font-family: helvetica, arial, sans-serif;\">Aucun<\/span><\/p>\n<p><span style=\"font-size: 12pt; font-family: helvetica, arial, sans-serif;\"><strong>Dur\u00e9e\u00a0:\u00a0<\/strong><\/span><span style=\"font-size: 12pt; font-family: helvetica, arial, sans-serif;\">1 jour<\/span><\/p>\n<p>[\/vc_column_text][vc_empty_space][stm_post_bottom][\/vc_column][vc_column width=\u00a0\u00bb1\/4&Prime; offset=\u00a0\u00bbvc_hidden-sm vc_hidden-xs\u00a0\u00bb][stm_sidebar sidebar=\u00a0\u00bb1771&Prime;][\/vc_column][\/vc_row]<\/p>\n","protected":false},"excerpt":{"rendered":"<p>[vc_row css=\u00a0\u00bb.vc_custom_1451991003825{margin-bottom: 100px !important;}\u00a0\u00bb][vc_column offset=\u00a0\u00bbvc_col-lg-9 vc_col-md-9&Prime;][vc_column_text css=\u00a0\u00bb.vc_custom_1580399826654{margin-top: 40px !important;}\u00a0\u00bb] Faire face aux PSE et aux plans de d\u00e9parts volontaires &nbsp; Programme Cadre l\u00e9gal des licenciements \u00e9conomiques La proc\u00e9dure des grands licenciements \u00e9conomiques Les sp\u00e9cificit\u00e9s des plans de d\u00e9parts volontaires Le r\u00f4le de la Direccte Les changements suite \u00e0 la loi sur la s\u00e9curisation de l\u2019emploi<\/p>\n","protected":false},"author":1,"featured_media":0,"parent":1764,"menu_order":0,"comment_status":"closed","ping_status":"closed","template":"","meta":{"footnotes":""},"class_list":["post-1999","page","type-page","status-publish","hentry"],"_links":{"self":[{"href":"https:\/\/www.sogexcube.com\/index.php\/wp-json\/wp\/v2\/pages\/1999","targetHints":{"allow":["GET"]}}],"collection":[{"href":"https:\/\/www.sogexcube.com\/index.php\/wp-json\/wp\/v2\/pages"}],"about":[{"href":"https:\/\/www.sogexcube.com\/index.php\/wp-json\/wp\/v2\/types\/page"}],"author":[{"embeddable":true,"href":"https:\/\/www.sogexcube.com\/index.php\/wp-json\/wp\/v2\/users\/1"}],"replies":[{"embeddable":true,"href":"https:\/\/www.sogexcube.com\/index.php\/wp-json\/wp\/v2\/comments?post=1999"}],"version-history":[{"count":7,"href":"https:\/\/www.sogexcube.com\/index.php\/wp-json\/wp\/v2\/pages\/1999\/revisions"}],"predecessor-version":[{"id":2309,"href":"https:\/\/www.sogexcube.com\/index.php\/wp-json\/wp\/v2\/pages\/1999\/revisions\/2309"}],"up":[{"embeddable":true,"href":"https:\/\/www.sogexcube.com\/index.php\/wp-json\/wp\/v2\/pages\/1764"}],"wp:attachment":[{"href":"https:\/\/www.sogexcube.com\/index.php\/wp-json\/wp\/v2\/media?parent=1999"}],"curies":[{"name":"wp","href":"https:\/\/api.w.org\/{rel}","templated":true}]}}