{"id":2009,"date":"2018-03-29T16:13:17","date_gmt":"2018-03-29T14:13:17","guid":{"rendered":"https:\/\/www.sogexcube.com\/?page_id=2009"},"modified":"2020-01-30T16:58:22","modified_gmt":"2020-01-30T15:58:22","slug":"bdes","status":"publish","type":"page","link":"https:\/\/www.sogexcube.com\/index.php\/formations\/bdes\/","title":{"rendered":"La Base de Donn\u00e9es Economiques et Sociales (BDES)"},"content":{"rendered":"<p>[vc_row css=\u00a0\u00bb.vc_custom_1451991003825{margin-bottom: 100px !important;}\u00a0\u00bb][vc_column offset=\u00a0\u00bbvc_col-lg-9 vc_col-md-9&Prime;][vc_column_text css=\u00a0\u00bb.vc_custom_1580399900219{margin-top: 40px !important;}\u00a0\u00bb]<\/p>\n<h4><span style=\"font-size: 18pt;\">La Base de donn\u00e9es Economiques et Sociales (BDES)<\/span><\/h4>\n<p>&nbsp;<\/p>\n<p style=\"text-align: justify;\"><span style=\"font-size: 12pt; font-family: helvetica, arial, sans-serif;\"><strong>Cette formation vous apportera des \u00e9clairages sur la mise en place d\u2019une BDES et de comprendre les impacts de ce mode d\u2019acc\u00e8s \u00e0 l\u2019information. <\/strong><\/span><\/p>\n<p style=\"text-align: justify;\"><span style=\"font-size: 12pt; font-family: helvetica, arial, sans-serif;\"><strong>\u00a0<\/strong><\/span><\/p>\n<p style=\"text-align: justify;\"><span style=\"font-size: 12pt; font-family: helvetica, arial, sans-serif;\"><strong>Programme\u00a0<\/strong><\/span><\/p>\n<ul style=\"text-align: justify;\">\n<li><span style=\"font-size: 12pt; font-family: helvetica, arial, sans-serif;\">Les nouvelles obligations en mati\u00e8re d\u2019information et de consultation des instances repr\u00e9sentatives du personnel<\/span><\/li>\n<li><span style=\"font-size: 12pt; font-family: helvetica, arial, sans-serif;\">Le calendrier l\u00e9gal de l\u2019implantation de la BDES<\/span><\/li>\n<li><span style=\"font-size: 12pt; font-family: helvetica, arial, sans-serif;\">Le contenu de la BDES par consultation<\/span><\/li>\n<li><span style=\"font-size: 12pt; font-family: helvetica, arial, sans-serif;\">La p\u00e9riodicit\u00e9 et la mise \u00e0 jour des informations<\/span><\/li>\n<li><span style=\"font-size: 12pt; font-family: helvetica, arial, sans-serif;\">L\u2019archivage des donn\u00e9es<\/span><\/li>\n<li><span style=\"font-size: 12pt; font-family: helvetica, arial, sans-serif;\">L\u2019acc\u00e8s \u00e0 la BDES<\/span><\/li>\n<li><span style=\"font-size: 12pt; font-family: helvetica, arial, sans-serif;\">L\u2019obligation de discr\u00e9tion, la protection contre les risques de divulgation et d\u2019intrusion<\/span><\/li>\n<li><span style=\"font-size: 12pt; font-family: helvetica, arial, sans-serif;\">La substitution aux informations et rapports p\u00e9riodiques<\/span><\/li>\n<li><span style=\"font-size: 12pt; font-family: helvetica, arial, sans-serif;\">Possibilit\u00e9 d\u2019un accord d\u2019entreprise<\/span><\/li>\n<li><span style=\"font-size: 12pt; font-family: helvetica, arial, sans-serif;\">Possibilit\u00e9 d\u2019une BDES par groupe<\/span><\/li>\n<\/ul>\n<p>&nbsp;<\/p>\n<p style=\"text-align: justify;\"><span style=\"font-size: 12pt; font-family: helvetica, arial, sans-serif;\"><strong>Publics\u00a0:\u00a0<\/strong><\/span><span style=\"font-size: 12pt; font-family: helvetica, arial, sans-serif;\">Membres du CSE, Comit\u00e9 d\u2019\u00e9tablissement et de groupe<\/span><\/p>\n<p style=\"text-align: justify;\"><span style=\"font-size: 12pt; font-family: helvetica, arial, sans-serif;\"><strong>Pr\u00e9requis\u00a0: <\/strong><\/span><span style=\"font-size: 12pt; font-family: helvetica, arial, sans-serif;\">Aucun<\/span><\/p>\n<p style=\"text-align: justify;\"><span style=\"font-size: 12pt; font-family: helvetica, arial, sans-serif;\"><strong>Dur\u00e9e\u00a0: <\/strong><\/span><span style=\"font-size: 12pt; font-family: helvetica, arial, sans-serif;\">1 jour<\/span><\/p>\n<p>[\/vc_column_text][vc_empty_space][stm_post_bottom][\/vc_column][vc_column width=\u00a0\u00bb1\/4&Prime; offset=\u00a0\u00bbvc_hidden-sm vc_hidden-xs\u00a0\u00bb][stm_sidebar sidebar=\u00a0\u00bb1771&Prime;][\/vc_column][\/vc_row]<\/p>\n","protected":false},"excerpt":{"rendered":"<p>[vc_row css=\u00a0\u00bb.vc_custom_1451991003825{margin-bottom: 100px !important;}\u00a0\u00bb][vc_column offset=\u00a0\u00bbvc_col-lg-9 vc_col-md-9&Prime;][vc_column_text css=\u00a0\u00bb.vc_custom_1580399900219{margin-top: 40px !important;}\u00a0\u00bb] La Base de donn\u00e9es Economiques et Sociales (BDES) &nbsp; Cette formation vous apportera des \u00e9clairages sur la mise en place d\u2019une BDES et de comprendre les impacts de ce mode d\u2019acc\u00e8s \u00e0 l\u2019information. \u00a0 Programme\u00a0 Les nouvelles obligations en mati\u00e8re d\u2019information et de consultation des instances<\/p>\n","protected":false},"author":1,"featured_media":0,"parent":1764,"menu_order":0,"comment_status":"closed","ping_status":"closed","template":"","meta":{"footnotes":""},"class_list":["post-2009","page","type-page","status-publish","hentry"],"_links":{"self":[{"href":"https:\/\/www.sogexcube.com\/index.php\/wp-json\/wp\/v2\/pages\/2009","targetHints":{"allow":["GET"]}}],"collection":[{"href":"https:\/\/www.sogexcube.com\/index.php\/wp-json\/wp\/v2\/pages"}],"about":[{"href":"https:\/\/www.sogexcube.com\/index.php\/wp-json\/wp\/v2\/types\/page"}],"author":[{"embeddable":true,"href":"https:\/\/www.sogexcube.com\/index.php\/wp-json\/wp\/v2\/users\/1"}],"replies":[{"embeddable":true,"href":"https:\/\/www.sogexcube.com\/index.php\/wp-json\/wp\/v2\/comments?post=2009"}],"version-history":[{"count":6,"href":"https:\/\/www.sogexcube.com\/index.php\/wp-json\/wp\/v2\/pages\/2009\/revisions"}],"predecessor-version":[{"id":2310,"href":"https:\/\/www.sogexcube.com\/index.php\/wp-json\/wp\/v2\/pages\/2009\/revisions\/2310"}],"up":[{"embeddable":true,"href":"https:\/\/www.sogexcube.com\/index.php\/wp-json\/wp\/v2\/pages\/1764"}],"wp:attachment":[{"href":"https:\/\/www.sogexcube.com\/index.php\/wp-json\/wp\/v2\/media?parent=2009"}],"curies":[{"name":"wp","href":"https:\/\/api.w.org\/{rel}","templated":true}]}}