{"id":9,"date":"2015-12-15T07:37:33","date_gmt":"2015-12-15T07:37:33","guid":{"rendered":"http:\/\/consulting.stylemixthemes.com\/demo\/?page_id=9"},"modified":"2020-01-30T13:07:57","modified_gmt":"2020-01-30T12:07:57","slug":"sogexcube","status":"publish","type":"page","link":"https:\/\/www.sogexcube.com\/index.php\/sogexcube\/","title":{"rendered":"Sogexcube"},"content":{"rendered":"<p>[vc_row css=\u00a0\u00bb.vc_custom_1451991003825{margin-bottom: 100px !important;}\u00a0\u00bb][vc_column offset=\u00a0\u00bbvc_col-lg-9 vc_col-md-9&Prime;][vc_column_text css=\u00a0\u00bb.vc_custom_1580386074209{margin-top: 40px !important;}\u00a0\u00bb]<\/p>\n<h3 style=\"text-align: justify;\"><span style=\"font-size: 18pt;\">Qui sommes nous ?<\/span><\/h3>\n<p>&nbsp;<\/p>\n<p style=\"text-align: justify;\"><span style=\"font-size: 12pt; font-family: helvetica, arial, sans-serif;\">Cr\u00e9\u00e9 en 1997, SOGEX CUBE est cabinet d\u2019expertise-comptable et de conseil sp\u00e9cialis\u00e9 dans les missions aupr\u00e8s des repr\u00e9sentants des salari\u00e9s, au sein des comit\u00e9s sociaux \u00e9conomiques et des comit\u00e9s de groupe. Nos experts interviennent dans toute la France et dans diff\u00e9rents secteurs d\u2019activit\u00e9s.<\/span><\/p>\n<p style=\"text-align: justify;\"><span style=\"font-size: 12pt; font-family: helvetica, arial, sans-serif;\">Notre principal objectif est d\u2019aider les repr\u00e9sentants des salari\u00e9s \u00e0 exercer pleinement les attributions que la loi leur conf\u00e8re, \u00e0 anticiper les \u00e9volutions et \u00e0 \u00e9laborer de mani\u00e8re autonome les r\u00e9ponses qu\u2019ils jugent n\u00e9cessaires.<\/span><\/p>\n<p style=\"text-align: justify;\"><span style=\"font-size: 12pt; font-family: helvetica, arial, sans-serif;\">C\u2019est pourquoi, nous avons d\u00e9velopp\u00e9 une offre globale de services et de conseils pour accompagner les \u00e9lus dans la gestion de :<\/span><\/p>\n<ul style=\"text-align: justify;\">\n<li><span style=\"font-size: 12pt; font-family: helvetica, arial, sans-serif;\">leur relation avec l\u2019entreprise (les consultations obligatoires, examen des comptes annuels, droit d\u2019alerte, participation et int\u00e9ressement&#8230;)<\/span><\/li>\n<li><span style=\"font-size: 12pt; font-family: helvetica, arial, sans-serif;\">leur relation avec les salari\u00e9s (licenciement \u00e9conomique, restructuration, op\u00e9ration de concentration&#8230;.)<\/span><\/li>\n<li><span style=\"font-size: 12pt; font-family: helvetica, arial, sans-serif;\">du comit\u00e9 d\u2019entreprise (formations, pr\u00e9sentation et tenue des comptes, audit des comptes, gestion de la paie&#8230;)<\/span><\/li>\n<\/ul>\n<p style=\"text-align: justify;\"><span style=\"font-size: 12pt; font-family: helvetica, arial, sans-serif;\">Pour ce faire, nous utilisons l&rsquo;ensemble des outils d\u2019analyse \u00e9conomique, sociale et financi\u00e8re, et mobilisons au besoin, des experts ext\u00e9rieurs (experts agr\u00e9\u00e9s CHSCT, actuaires, avocats, sp\u00e9cialistes en nouvelles technologies&#8230;).<\/span><\/p>\n<p style=\"text-align: justify;\"><span style=\"font-size: 12pt; font-family: helvetica, arial, sans-serif;\">Par ailleurs, nous nous attachons \u00e0 conduire des investigations approfondies, en conformit\u00e9 avec le crit\u00e8re de qualit\u00e9 qui s\u2019impose \u00e0 notre profession et \u00e0 pr\u00e9server notre ind\u00e9pendance.<\/span><\/p>\n<p>[\/vc_column_text][vc_column_text css=\u00a0\u00bb.vc_custom_1523258242002{margin-bottom: 34px !important;}\u00a0\u00bb]<\/p>\n<blockquote><p><span style=\"font-family: helvetica, arial, sans-serif; font-size: 12pt;\"><i>Nous sommes actuellement dans une p\u00e9riode de changements pour les instances repr\u00e9sentatives du personnel. Le r\u00f4le de SOGEX CUBE est d&rsquo;accompagner les \u00e9lus dans le passage au CSE \u00e0 travers la formation et les comptes de l&rsquo;instance.\u00a0<\/i><\/span><\/p><\/blockquote>\n<p>[\/vc_column_text][vc_empty_space][stm_post_bottom][\/vc_column][vc_column width=\u00a0\u00bb1\/4&Prime; offset=\u00a0\u00bbvc_hidden-sm vc_hidden-xs\u00a0\u00bb][stm_sidebar sidebar=\u00a0\u00bb311&Prime;][\/vc_column][\/vc_row]<\/p>\n","protected":false},"excerpt":{"rendered":"<p>[vc_row css=\u00a0\u00bb.vc_custom_1451991003825{margin-bottom: 100px !important;}\u00a0\u00bb][vc_column offset=\u00a0\u00bbvc_col-lg-9 vc_col-md-9&Prime;][vc_column_text css=\u00a0\u00bb.vc_custom_1580386074209{margin-top: 40px !important;}\u00a0\u00bb] Qui sommes nous ? &nbsp; Cr\u00e9\u00e9 en 1997, SOGEX CUBE est cabinet d\u2019expertise-comptable et de conseil sp\u00e9cialis\u00e9 dans les missions aupr\u00e8s des repr\u00e9sentants des salari\u00e9s, au sein des comit\u00e9s sociaux \u00e9conomiques et des comit\u00e9s de groupe. Nos experts interviennent dans toute la France et dans diff\u00e9rents<\/p>\n","protected":false},"author":1,"featured_media":0,"parent":0,"menu_order":0,"comment_status":"closed","ping_status":"closed","template":"","meta":{"footnotes":""},"class_list":["post-9","page","type-page","status-publish","hentry"],"_links":{"self":[{"href":"https:\/\/www.sogexcube.com\/index.php\/wp-json\/wp\/v2\/pages\/9","targetHints":{"allow":["GET"]}}],"collection":[{"href":"https:\/\/www.sogexcube.com\/index.php\/wp-json\/wp\/v2\/pages"}],"about":[{"href":"https:\/\/www.sogexcube.com\/index.php\/wp-json\/wp\/v2\/types\/page"}],"author":[{"embeddable":true,"href":"https:\/\/www.sogexcube.com\/index.php\/wp-json\/wp\/v2\/users\/1"}],"replies":[{"embeddable":true,"href":"https:\/\/www.sogexcube.com\/index.php\/wp-json\/wp\/v2\/comments?post=9"}],"version-history":[{"count":33,"href":"https:\/\/www.sogexcube.com\/index.php\/wp-json\/wp\/v2\/pages\/9\/revisions"}],"predecessor-version":[{"id":2296,"href":"https:\/\/www.sogexcube.com\/index.php\/wp-json\/wp\/v2\/pages\/9\/revisions\/2296"}],"wp:attachment":[{"href":"https:\/\/www.sogexcube.com\/index.php\/wp-json\/wp\/v2\/media?parent=9"}],"curies":[{"name":"wp","href":"https:\/\/api.w.org\/{rel}","templated":true}]}}