{"id":979,"date":"2016-02-19T06:35:00","date_gmt":"2016-02-19T06:35:00","guid":{"rendered":"http:\/\/consulting.stylemixthemes.com\/demo\/?page_id=979"},"modified":"2018-04-17T09:40:13","modified_gmt":"2018-04-17T07:40:13","slug":"home-2","status":"publish","type":"page","link":"https:\/\/www.sogexcube.com\/","title":{"rendered":"home"},"content":{"rendered":"<p>[vc_row css=\u00a0\u00bb.vc_custom_1464852884508{margin-right: -60px !important;margin-bottom: 0px !important;margin-left: -60px !important;}\u00a0\u00bb][vc_column css=\u00a0\u00bb.vc_custom_1465465510777{padding-right: 0px !important;padding-left: 0px !important;}\u00a0\u00bb offset=\u00a0\u00bbvc_hidden-xs\u00a0\u00bb][rev_slider_vc alias=\u00a0\u00bbtypewriter-effect\u00a0\u00bb][\/vc_column][\/vc_row][vc_row css=\u00a0\u00bb.vc_custom_1469446529446{padding-top: 68px !important;padding-bottom: 49px !important;}\u00a0\u00bb][vc_column][vc_custom_heading text=\u00a0\u00bbNos missions principales\u00a0\u00bb font_container=\u00a0\u00bbtag:h2|font_size:36px|text_align:center|line_height:38px\u00a0\u00bb use_theme_fonts=\u00a0\u00bbyes\u00a0\u00bb css=\u00a0\u00bb.vc_custom_1519995814766{margin-bottom: 51px !important;}\u00a0\u00bb el_class=\u00a0\u00bbstm_secondary_color\u00a0\u00bb][vc_row_inner][vc_column_inner width=\u00a0\u00bb1\/3&Prime;][stm_icon_box box_style=\u00a0\u00bbstyle_4&Prime; alignment=\u00a0\u00bbcenter\u00a0\u00bb add_link=\u00a0\u00bbenable\u00a0\u00bb icon=\u00a0\u00bbstm-graph\u00a0\u00bb icon_size=\u00a0\u00bb54&Prime; icon_color=\u00a0\u00bbsecondary\u00a0\u00bb title=\u00a0\u00bbSituation \u00e9conomique et financi\u00e8re de l&rsquo;entreprise\u00a0\u00bb link=\u00a0\u00bburl:http%3A%2F%2Fwww.sogexcube.com%2Findex.php%2Fmissions%2Fsituation-economique-financiere%2F|||\u00a0\u00bb]Analyse des comptes annuels et des comptes pr\u00e9visionnels et examen de la politique de recherche et de d\u00e9veloppement de l\u2019entreprise ainsi que de l\u2019utilisation des aides publiques \u2026[\/stm_icon_box][\/vc_column_inner][vc_column_inner width=\u00a0\u00bb1\/3&Prime;][stm_icon_box box_style=\u00a0\u00bbstyle_4&Prime; alignment=\u00a0\u00bbcenter\u00a0\u00bb add_link=\u00a0\u00bbenable\u00a0\u00bb icon=\u00a0\u00bbstm-horse_13&Prime; icon_size=\u00a0\u00bb54&Prime; icon_color=\u00a0\u00bbsecondary\u00a0\u00bb title=\u00a0\u00bbOrientations strat\u00e9giques de l\u2019entreprise\u00a0\u00bb link=\u00a0\u00bburl:http%3A%2F%2Fwww.sogexcube.com%2Findex.php%2Fmissions%2Forientation-strategique-entreprise%2F|||\u00a0\u00bb]Cette mission a pour objectif d\u2019aider, les repr\u00e9sentants du personnel \u00e0 mieux comprendre les orientations strat\u00e9giques de l\u2019entreprise et leurs cons\u00e9quences sociales \u2026[\/stm_icon_box][\/vc_column_inner][vc_column_inner width=\u00a0\u00bb1\/3&Prime;][stm_icon_box box_style=\u00a0\u00bbstyle_4&Prime; alignment=\u00a0\u00bbcenter\u00a0\u00bb add_link=\u00a0\u00bbenable\u00a0\u00bb icon=\u00a0\u00bbstm-mans\u00a0\u00bb icon_size=\u00a0\u00bb54&Prime; icon_color=\u00a0\u00bbsecondary\u00a0\u00bb title=\u00a0\u00bbPolitique sociale, conditions de travail et emploi\u00a0\u00bb link=\u00a0\u00bburl:http%3A%2F%2Fwww.sogexcube.com%2Findex.php%2Fmissions%2Fpolitique-sociale-travail-emploi%2F|||\u00a0\u00bb]Cette consultation a une port\u00e9e tr\u00e8s vaste, puisqu\u2019elle porte aussi bien sur un champ jusque-l\u00e0 d\u00e9volu tant \u00e0 l\u2019Expert-Comptable qu\u2019\u00e0 l\u2019Expert CHSCT \u2026[\/stm_icon_box][\/vc_column_inner][\/vc_row_inner][\/vc_column][\/vc_row][vc_row][vc_column][vc_separator style=\u00a0\u00bbshadow\u00a0\u00bb border_width=\u00a0\u00bb5&Prime;][\/vc_column][\/vc_row][vc_row full_width=\u00a0\u00bbstretch_row\u00a0\u00bb css=\u00a0\u00bb.vc_custom_1520000004679{padding-top: 64px !important;padding-bottom: 50px !important;background-position: 0 0 !important;background-repeat: no-repeat !important;}\u00a0\u00bb el_class=\u00a0\u00bbfixed_bg\u00a0\u00bb][vc_column][vc_custom_heading text=\u00a0\u00bbActualit\u00e9s\u00a0\u00bb font_container=\u00a0\u00bbtag:h2|font_size:36px|text_align:center|color:%23000000|line_height:38px\u00a0\u00bb use_theme_fonts=\u00a0\u00bbyes\u00a0\u00bb css=\u00a0\u00bb.vc_custom_1520000047364{margin-bottom: 40px !important;}\u00a0\u00bb el_class=\u00a0\u00bbstm_secondary_color\u00a0\u00bb subtitle_color=\u00a0\u00bb#000000&Prime;][stm_news loop=\u00a0\u00bbsize:3|order_by:date|post_type:post\u00a0\u00bb posts_per_row=\u00a0\u00bb3&Prime;][\/vc_column][\/vc_row]<\/p>\n","protected":false},"excerpt":{"rendered":"<p>[vc_row css=\u00a0\u00bb.vc_custom_1464852884508{margin-right: -60px !important;margin-bottom: 0px !important;margin-left: -60px !important;}\u00a0\u00bb][vc_column css=\u00a0\u00bb.vc_custom_1465465510777{padding-right: 0px !important;padding-left: 0px !important;}\u00a0\u00bb offset=\u00a0\u00bbvc_hidden-xs\u00a0\u00bb][rev_slider_vc alias=\u00a0\u00bbtypewriter-effect\u00a0\u00bb][\/vc_column][\/vc_row][vc_row css=\u00a0\u00bb.vc_custom_1469446529446{padding-top: 68px !important;padding-bottom: 49px !important;}\u00a0\u00bb][vc_column][vc_custom_heading text=\u00a0\u00bbNos missions principales\u00a0\u00bb font_container=\u00a0\u00bbtag:h2|font_size:36px|text_align:center|line_height:38px\u00a0\u00bb use_theme_fonts=\u00a0\u00bbyes\u00a0\u00bb css=\u00a0\u00bb.vc_custom_1519995814766{margin-bottom: 51px !important;}\u00a0\u00bb el_class=\u00a0\u00bbstm_secondary_color\u00a0\u00bb][vc_row_inner][vc_column_inner width=\u00a0\u00bb1\/3&Prime;][stm_icon_box box_style=\u00a0\u00bbstyle_4&Prime; alignment=\u00a0\u00bbcenter\u00a0\u00bb add_link=\u00a0\u00bbenable\u00a0\u00bb icon=\u00a0\u00bbstm-graph\u00a0\u00bb icon_size=\u00a0\u00bb54&Prime; icon_color=\u00a0\u00bbsecondary\u00a0\u00bb title=\u00a0\u00bbSituation \u00e9conomique et financi\u00e8re de l&rsquo;entreprise\u00a0\u00bb link=\u00a0\u00bburl:http%3A%2F%2Fwww.sogexcube.com%2Findex.php%2Fmissions%2Fsituation-economique-financiere%2F|||\u00a0\u00bb]Analyse des comptes annuels et des comptes pr\u00e9visionnels et examen de la politique<\/p>\n","protected":false},"author":1,"featured_media":0,"parent":0,"menu_order":0,"comment_status":"closed","ping_status":"closed","template":"","meta":{"footnotes":""},"class_list":["post-979","page","type-page","status-publish","hentry"],"_links":{"self":[{"href":"https:\/\/www.sogexcube.com\/index.php\/wp-json\/wp\/v2\/pages\/979","targetHints":{"allow":["GET"]}}],"collection":[{"href":"https:\/\/www.sogexcube.com\/index.php\/wp-json\/wp\/v2\/pages"}],"about":[{"href":"https:\/\/www.sogexcube.com\/index.php\/wp-json\/wp\/v2\/types\/page"}],"author":[{"embeddable":true,"href":"https:\/\/www.sogexcube.com\/index.php\/wp-json\/wp\/v2\/users\/1"}],"replies":[{"embeddable":true,"href":"https:\/\/www.sogexcube.com\/index.php\/wp-json\/wp\/v2\/comments?post=979"}],"version-history":[{"count":52,"href":"https:\/\/www.sogexcube.com\/index.php\/wp-json\/wp\/v2\/pages\/979\/revisions"}],"predecessor-version":[{"id":2158,"href":"https:\/\/www.sogexcube.com\/index.php\/wp-json\/wp\/v2\/pages\/979\/revisions\/2158"}],"wp:attachment":[{"href":"https:\/\/www.sogexcube.com\/index.php\/wp-json\/wp\/v2\/media?parent=979"}],"curies":[{"name":"wp","href":"https:\/\/api.w.org\/{rel}","templated":true}]}}